{"id":42092,"date":"2022-01-18T16:04:01","date_gmt":"2022-01-18T19:04:01","guid":{"rendered":"https:\/\/www.museuhistoricosl.com.br\/loja\/produto\/sl067-fd-0009\/"},"modified":"2022-01-18T16:04:01","modified_gmt":"2022-01-18T19:04:01","slug":"sl067-fd-0009","status":"publish","type":"product","link":"https:\/\/www.museuhistoricosl.com.br\/loja\/produto\/sl067-fd-0009\/","title":{"rendered":"SL067-FD-0009"},"content":{"rendered":"<p>sem informa\u00e7\u00e3o; Museu do Trem &#8211; S\u00e3o Leopoldo; <\/p>\n","protected":false},"excerpt":{"rendered":"<p>sem informa\u00e7\u00e3o; Museu do Trem &#8211; S\u00e3o Leopoldo;<\/p>\n","protected":false},"featured_media":42091,"comment_status":"open","ping_status":"closed","template":"","meta":{"_acf_changed":false},"product_cat":[103],"product_tag":[],"class_list":["post-42092","product","type-product","status-publish","has-post-thumbnail","hentry","product_cat-museu-do-trem-sao-leopoldo"],"acf":[],"_links":{"self":[{"href":"https:\/\/www.museuhistoricosl.com.br\/loja\/wp-json\/wp\/v2\/product\/42092","targetHints":{"allow":["GET"]}}],"collection":[{"href":"https:\/\/www.museuhistoricosl.com.br\/loja\/wp-json\/wp\/v2\/product"}],"about":[{"href":"https:\/\/www.museuhistoricosl.com.br\/loja\/wp-json\/wp\/v2\/types\/product"}],"replies":[{"embeddable":true,"href":"https:\/\/www.museuhistoricosl.com.br\/loja\/wp-json\/wp\/v2\/comments?post=42092"}],"wp:featuredmedia":[{"embeddable":true,"href":"https:\/\/www.museuhistoricosl.com.br\/loja\/wp-json\/wp\/v2\/media\/42091"}],"wp:attachment":[{"href":"https:\/\/www.museuhistoricosl.com.br\/loja\/wp-json\/wp\/v2\/media?parent=42092"}],"wp:term":[{"taxonomy":"product_cat","embeddable":true,"href":"https:\/\/www.museuhistoricosl.com.br\/loja\/wp-json\/wp\/v2\/product_cat?post=42092"},{"taxonomy":"product_tag","embeddable":true,"href":"https:\/\/www.museuhistoricosl.com.br\/loja\/wp-json\/wp\/v2\/product_tag?post=42092"}],"curies":[{"name":"wp","href":"https:\/\/api.w.org\/{rel}","templated":true}]}}