{"id":42080,"date":"2022-01-18T16:03:55","date_gmt":"2022-01-18T19:03:55","guid":{"rendered":"https:\/\/www.museuhistoricosl.com.br\/loja\/produto\/sl067-fd-0003\/"},"modified":"2022-01-18T16:03:55","modified_gmt":"2022-01-18T19:03:55","slug":"sl067-fd-0003","status":"publish","type":"product","link":"https:\/\/www.museuhistoricosl.com.br\/loja\/produto\/sl067-fd-0003\/","title":{"rendered":"SL067-FD-0003"},"content":{"rendered":"<p>&#8220;Taxias&#8221; na esta\u00e7\u00e3o da estrada de ferro em S\u00e3o Leopoldo, Doador: Prof. K.G. Schmeling, 1963; Museu do Trem &#8211; S\u00e3o Leopoldo; <\/p>\n","protected":false},"excerpt":{"rendered":"<p>&#8220;Taxias&#8221; na esta\u00e7\u00e3o da estrada de ferro em S\u00e3o Leopoldo, Doador: Prof. K.G. Schmeling, 1963; Museu do Trem &#8211; S\u00e3o<\/p>\n","protected":false},"featured_media":42079,"comment_status":"open","ping_status":"closed","template":"","meta":{"_acf_changed":false},"product_cat":[103],"product_tag":[],"class_list":["post-42080","product","type-product","status-publish","has-post-thumbnail","hentry","product_cat-museu-do-trem-sao-leopoldo"],"acf":[],"_links":{"self":[{"href":"https:\/\/www.museuhistoricosl.com.br\/loja\/wp-json\/wp\/v2\/product\/42080","targetHints":{"allow":["GET"]}}],"collection":[{"href":"https:\/\/www.museuhistoricosl.com.br\/loja\/wp-json\/wp\/v2\/product"}],"about":[{"href":"https:\/\/www.museuhistoricosl.com.br\/loja\/wp-json\/wp\/v2\/types\/product"}],"replies":[{"embeddable":true,"href":"https:\/\/www.museuhistoricosl.com.br\/loja\/wp-json\/wp\/v2\/comments?post=42080"}],"wp:featuredmedia":[{"embeddable":true,"href":"https:\/\/www.museuhistoricosl.com.br\/loja\/wp-json\/wp\/v2\/media\/42079"}],"wp:attachment":[{"href":"https:\/\/www.museuhistoricosl.com.br\/loja\/wp-json\/wp\/v2\/media?parent=42080"}],"wp:term":[{"taxonomy":"product_cat","embeddable":true,"href":"https:\/\/www.museuhistoricosl.com.br\/loja\/wp-json\/wp\/v2\/product_cat?post=42080"},{"taxonomy":"product_tag","embeddable":true,"href":"https:\/\/www.museuhistoricosl.com.br\/loja\/wp-json\/wp\/v2\/product_tag?post=42080"}],"curies":[{"name":"wp","href":"https:\/\/api.w.org\/{rel}","templated":true}]}}