{"id":4204,"date":"2021-12-16T15:06:55","date_gmt":"2021-12-16T18:06:55","guid":{"rendered":"https:\/\/www.museuhistoricosl.com.br\/novosite\/produto\/sl031-fd-0043\/"},"modified":"2021-12-16T15:06:55","modified_gmt":"2021-12-16T18:06:55","slug":"sl031-fd-0043","status":"publish","type":"product","link":"https:\/\/www.museuhistoricosl.com.br\/loja\/produto\/sl031-fd-0043\/","title":{"rendered":"SL031-FD-0043"},"content":{"rendered":"<p>Enchente de 1941: At\u00e9 em frente a casa de V. Wolffenb\u00fcttel chegaram as \u00e1guas do Rio dos Sinos. Canoas como estas viam-se por toda a cidade: galinhas, colch\u00f5es, cachorro, mantimentos, roupas, tudo numa confus\u00e3o miser\u00e1vel. Todo o mundo gazeava o servi\u00e7o. As ruas apinhadas de curiosos.  &#8211; C\u00f3digo anterior de cat\u00e1logo:FD 31,43; Elei\u00e7\u00f5es; <\/p>\n","protected":false},"excerpt":{"rendered":"<p>Enchente de 1941: At\u00e9 em frente a casa de V. Wolffenb\u00fcttel chegaram as \u00e1guas do Rio dos Sinos. Canoas como<\/p>\n","protected":false},"featured_media":4203,"comment_status":"open","ping_status":"closed","template":"","meta":{"_acf_changed":false},"product_cat":[38],"product_tag":[],"class_list":["post-4204","product","type-product","status-publish","has-post-thumbnail","hentry","product_cat-eleicoes"],"acf":[],"_links":{"self":[{"href":"https:\/\/www.museuhistoricosl.com.br\/loja\/wp-json\/wp\/v2\/product\/4204","targetHints":{"allow":["GET"]}}],"collection":[{"href":"https:\/\/www.museuhistoricosl.com.br\/loja\/wp-json\/wp\/v2\/product"}],"about":[{"href":"https:\/\/www.museuhistoricosl.com.br\/loja\/wp-json\/wp\/v2\/types\/product"}],"replies":[{"embeddable":true,"href":"https:\/\/www.museuhistoricosl.com.br\/loja\/wp-json\/wp\/v2\/comments?post=4204"}],"wp:featuredmedia":[{"embeddable":true,"href":"https:\/\/www.museuhistoricosl.com.br\/loja\/wp-json\/wp\/v2\/media\/4203"}],"wp:attachment":[{"href":"https:\/\/www.museuhistoricosl.com.br\/loja\/wp-json\/wp\/v2\/media?parent=4204"}],"wp:term":[{"taxonomy":"product_cat","embeddable":true,"href":"https:\/\/www.museuhistoricosl.com.br\/loja\/wp-json\/wp\/v2\/product_cat?post=4204"},{"taxonomy":"product_tag","embeddable":true,"href":"https:\/\/www.museuhistoricosl.com.br\/loja\/wp-json\/wp\/v2\/product_tag?post=4204"}],"curies":[{"name":"wp","href":"https:\/\/api.w.org\/{rel}","templated":true}]}}