{"id":41919,"date":"2022-01-18T15:55:30","date_gmt":"2022-01-18T18:55:30","guid":{"rendered":"https:\/\/www.museuhistoricosl.com.br\/loja\/produto\/sl063-fd-0060\/"},"modified":"2022-01-18T15:55:30","modified_gmt":"2022-01-18T18:55:30","slug":"sl063-fd-0060","status":"publish","type":"product","link":"https:\/\/www.museuhistoricosl.com.br\/loja\/produto\/sl063-fd-0060\/","title":{"rendered":"SL063-FD-0060"},"content":{"rendered":"<p>Doador: Prefeitura de S\u00e3o Leopoldo; Monumentos \u00e0 Imigra\u00e7\u00e3o; <\/p>\n","protected":false},"excerpt":{"rendered":"<p>Doador: Prefeitura de S\u00e3o Leopoldo; Monumentos \u00e0 Imigra\u00e7\u00e3o;<\/p>\n","protected":false},"featured_media":41918,"comment_status":"open","ping_status":"closed","template":"","meta":{"_acf_changed":false},"product_cat":[102],"product_tag":[],"class_list":["post-41919","product","type-product","status-publish","has-post-thumbnail","hentry","product_cat-monumentos-a-imigracao"],"acf":[],"_links":{"self":[{"href":"https:\/\/www.museuhistoricosl.com.br\/loja\/wp-json\/wp\/v2\/product\/41919","targetHints":{"allow":["GET"]}}],"collection":[{"href":"https:\/\/www.museuhistoricosl.com.br\/loja\/wp-json\/wp\/v2\/product"}],"about":[{"href":"https:\/\/www.museuhistoricosl.com.br\/loja\/wp-json\/wp\/v2\/types\/product"}],"replies":[{"embeddable":true,"href":"https:\/\/www.museuhistoricosl.com.br\/loja\/wp-json\/wp\/v2\/comments?post=41919"}],"wp:featuredmedia":[{"embeddable":true,"href":"https:\/\/www.museuhistoricosl.com.br\/loja\/wp-json\/wp\/v2\/media\/41918"}],"wp:attachment":[{"href":"https:\/\/www.museuhistoricosl.com.br\/loja\/wp-json\/wp\/v2\/media?parent=41919"}],"wp:term":[{"taxonomy":"product_cat","embeddable":true,"href":"https:\/\/www.museuhistoricosl.com.br\/loja\/wp-json\/wp\/v2\/product_cat?post=41919"},{"taxonomy":"product_tag","embeddable":true,"href":"https:\/\/www.museuhistoricosl.com.br\/loja\/wp-json\/wp\/v2\/product_tag?post=41919"}],"curies":[{"name":"wp","href":"https:\/\/api.w.org\/{rel}","templated":true}]}}