{"id":41873,"date":"2022-01-18T15:54:59","date_gmt":"2022-01-18T18:54:59","guid":{"rendered":"https:\/\/www.museuhistoricosl.com.br\/loja\/produto\/sl063-fd-0037\/"},"modified":"2022-01-18T15:54:59","modified_gmt":"2022-01-18T18:54:59","slug":"sl063-fd-0037","status":"publish","type":"product","link":"https:\/\/www.museuhistoricosl.com.br\/loja\/produto\/sl063-fd-0037\/","title":{"rendered":"SL063-FD-0037"},"content":{"rendered":"<p>Constru\u00e7\u00e3o do Monumento do Sesquicenten\u00e1rio SL, set. a dez\/1974; Monumentos \u00e0 Imigra\u00e7\u00e3o; <\/p>\n","protected":false},"excerpt":{"rendered":"<p>Constru\u00e7\u00e3o do Monumento do Sesquicenten\u00e1rio SL, set. a dez\/1974; Monumentos \u00e0 Imigra\u00e7\u00e3o;<\/p>\n","protected":false},"featured_media":41872,"comment_status":"open","ping_status":"closed","template":"","meta":{"_acf_changed":false},"product_cat":[102],"product_tag":[],"class_list":["post-41873","product","type-product","status-publish","has-post-thumbnail","hentry","product_cat-monumentos-a-imigracao"],"acf":[],"_links":{"self":[{"href":"https:\/\/www.museuhistoricosl.com.br\/loja\/wp-json\/wp\/v2\/product\/41873","targetHints":{"allow":["GET"]}}],"collection":[{"href":"https:\/\/www.museuhistoricosl.com.br\/loja\/wp-json\/wp\/v2\/product"}],"about":[{"href":"https:\/\/www.museuhistoricosl.com.br\/loja\/wp-json\/wp\/v2\/types\/product"}],"replies":[{"embeddable":true,"href":"https:\/\/www.museuhistoricosl.com.br\/loja\/wp-json\/wp\/v2\/comments?post=41873"}],"wp:featuredmedia":[{"embeddable":true,"href":"https:\/\/www.museuhistoricosl.com.br\/loja\/wp-json\/wp\/v2\/media\/41872"}],"wp:attachment":[{"href":"https:\/\/www.museuhistoricosl.com.br\/loja\/wp-json\/wp\/v2\/media?parent=41873"}],"wp:term":[{"taxonomy":"product_cat","embeddable":true,"href":"https:\/\/www.museuhistoricosl.com.br\/loja\/wp-json\/wp\/v2\/product_cat?post=41873"},{"taxonomy":"product_tag","embeddable":true,"href":"https:\/\/www.museuhistoricosl.com.br\/loja\/wp-json\/wp\/v2\/product_tag?post=41873"}],"curies":[{"name":"wp","href":"https:\/\/api.w.org\/{rel}","templated":true}]}}