{"id":41794,"date":"2022-01-18T15:46:32","date_gmt":"2022-01-18T18:46:32","guid":{"rendered":"https:\/\/www.museuhistoricosl.com.br\/loja\/produto\/rs054-fd-0008\/"},"modified":"2022-01-18T15:46:32","modified_gmt":"2022-01-18T18:46:32","slug":"rs054-fd-0008","status":"publish","type":"product","link":"https:\/\/www.museuhistoricosl.com.br\/loja\/produto\/rs054-fd-0008\/","title":{"rendered":"RS054-FD-0008"},"content":{"rendered":"<p>Cais do Porto, Rio Ca\u00ed, Montenegro, Inaugura\u00e7\u00e3o do Cais, 1904; Montenegro; <\/p>\n","protected":false},"excerpt":{"rendered":"<p>Cais do Porto, Rio Ca\u00ed, Montenegro, Inaugura\u00e7\u00e3o do Cais, 1904; Montenegro;<\/p>\n","protected":false},"featured_media":41793,"comment_status":"open","ping_status":"closed","template":"","meta":{"_acf_changed":false},"product_cat":[101],"product_tag":[],"class_list":["post-41794","product","type-product","status-publish","has-post-thumbnail","hentry","product_cat-montenegro"],"acf":[],"_links":{"self":[{"href":"https:\/\/www.museuhistoricosl.com.br\/loja\/wp-json\/wp\/v2\/product\/41794","targetHints":{"allow":["GET"]}}],"collection":[{"href":"https:\/\/www.museuhistoricosl.com.br\/loja\/wp-json\/wp\/v2\/product"}],"about":[{"href":"https:\/\/www.museuhistoricosl.com.br\/loja\/wp-json\/wp\/v2\/types\/product"}],"replies":[{"embeddable":true,"href":"https:\/\/www.museuhistoricosl.com.br\/loja\/wp-json\/wp\/v2\/comments?post=41794"}],"wp:featuredmedia":[{"embeddable":true,"href":"https:\/\/www.museuhistoricosl.com.br\/loja\/wp-json\/wp\/v2\/media\/41793"}],"wp:attachment":[{"href":"https:\/\/www.museuhistoricosl.com.br\/loja\/wp-json\/wp\/v2\/media?parent=41794"}],"wp:term":[{"taxonomy":"product_cat","embeddable":true,"href":"https:\/\/www.museuhistoricosl.com.br\/loja\/wp-json\/wp\/v2\/product_cat?post=41794"},{"taxonomy":"product_tag","embeddable":true,"href":"https:\/\/www.museuhistoricosl.com.br\/loja\/wp-json\/wp\/v2\/product_tag?post=41794"}],"curies":[{"name":"wp","href":"https:\/\/api.w.org\/{rel}","templated":true}]}}