{"id":41786,"date":"2022-01-18T15:46:27","date_gmt":"2022-01-18T18:46:27","guid":{"rendered":"https:\/\/www.museuhistoricosl.com.br\/loja\/produto\/rs054-fd-0004\/"},"modified":"2022-01-18T15:46:27","modified_gmt":"2022-01-18T18:46:27","slug":"rs054-fd-0004","status":"publish","type":"product","link":"https:\/\/www.museuhistoricosl.com.br\/loja\/produto\/rs054-fd-0004\/","title":{"rendered":"RS054-FD-0004"},"content":{"rendered":"<p>Clube 7 de Setembro de Montenegro, depois fez fus\u00e3o com o chimar\u00e3o e a sede que era do chimar\u00e3o, j\u00e1 \u00e9 Clube do Com\u00e9rcio; Montenegro; <\/p>\n","protected":false},"excerpt":{"rendered":"<p>Clube 7 de Setembro de Montenegro, depois fez fus\u00e3o com o chimar\u00e3o e a sede que era do chimar\u00e3o, j\u00e1<\/p>\n","protected":false},"featured_media":41785,"comment_status":"open","ping_status":"closed","template":"","meta":{"_acf_changed":false},"product_cat":[101],"product_tag":[],"class_list":["post-41786","product","type-product","status-publish","has-post-thumbnail","hentry","product_cat-montenegro"],"acf":[],"_links":{"self":[{"href":"https:\/\/www.museuhistoricosl.com.br\/loja\/wp-json\/wp\/v2\/product\/41786","targetHints":{"allow":["GET"]}}],"collection":[{"href":"https:\/\/www.museuhistoricosl.com.br\/loja\/wp-json\/wp\/v2\/product"}],"about":[{"href":"https:\/\/www.museuhistoricosl.com.br\/loja\/wp-json\/wp\/v2\/types\/product"}],"replies":[{"embeddable":true,"href":"https:\/\/www.museuhistoricosl.com.br\/loja\/wp-json\/wp\/v2\/comments?post=41786"}],"wp:featuredmedia":[{"embeddable":true,"href":"https:\/\/www.museuhistoricosl.com.br\/loja\/wp-json\/wp\/v2\/media\/41785"}],"wp:attachment":[{"href":"https:\/\/www.museuhistoricosl.com.br\/loja\/wp-json\/wp\/v2\/media?parent=41786"}],"wp:term":[{"taxonomy":"product_cat","embeddable":true,"href":"https:\/\/www.museuhistoricosl.com.br\/loja\/wp-json\/wp\/v2\/product_cat?post=41786"},{"taxonomy":"product_tag","embeddable":true,"href":"https:\/\/www.museuhistoricosl.com.br\/loja\/wp-json\/wp\/v2\/product_tag?post=41786"}],"curies":[{"name":"wp","href":"https:\/\/api.w.org\/{rel}","templated":true}]}}