{"id":41487,"date":"2022-01-17T15:58:06","date_gmt":"2022-01-17T18:58:06","guid":{"rendered":"https:\/\/www.museuhistoricosl.com.br\/loja\/produto\/sl061-fd-0054\/"},"modified":"2022-01-17T15:58:06","modified_gmt":"2022-01-17T18:58:06","slug":"sl061-fd-0054","status":"publish","type":"product","link":"https:\/\/www.museuhistoricosl.com.br\/loja\/produto\/sl061-fd-0054\/","title":{"rendered":"SL061-FD-0054"},"content":{"rendered":"<p>ISAC de Comunica\u00e7\u00f5es, Funda\u00e7\u00e3o, Eug\u00eanio Leonhard; Meios de Comunica\u00e7\u00e3o; <\/p>\n","protected":false},"excerpt":{"rendered":"<p>ISAC de Comunica\u00e7\u00f5es, Funda\u00e7\u00e3o, Eug\u00eanio Leonhard; Meios de Comunica\u00e7\u00e3o;<\/p>\n","protected":false},"featured_media":41486,"comment_status":"open","ping_status":"closed","template":"","meta":{"_acf_changed":false},"product_cat":[100],"product_tag":[],"class_list":["post-41487","product","type-product","status-publish","has-post-thumbnail","hentry","product_cat-meios-de-comunicacao"],"acf":[],"_links":{"self":[{"href":"https:\/\/www.museuhistoricosl.com.br\/loja\/wp-json\/wp\/v2\/product\/41487","targetHints":{"allow":["GET"]}}],"collection":[{"href":"https:\/\/www.museuhistoricosl.com.br\/loja\/wp-json\/wp\/v2\/product"}],"about":[{"href":"https:\/\/www.museuhistoricosl.com.br\/loja\/wp-json\/wp\/v2\/types\/product"}],"replies":[{"embeddable":true,"href":"https:\/\/www.museuhistoricosl.com.br\/loja\/wp-json\/wp\/v2\/comments?post=41487"}],"wp:featuredmedia":[{"embeddable":true,"href":"https:\/\/www.museuhistoricosl.com.br\/loja\/wp-json\/wp\/v2\/media\/41486"}],"wp:attachment":[{"href":"https:\/\/www.museuhistoricosl.com.br\/loja\/wp-json\/wp\/v2\/media?parent=41487"}],"wp:term":[{"taxonomy":"product_cat","embeddable":true,"href":"https:\/\/www.museuhistoricosl.com.br\/loja\/wp-json\/wp\/v2\/product_cat?post=41487"},{"taxonomy":"product_tag","embeddable":true,"href":"https:\/\/www.museuhistoricosl.com.br\/loja\/wp-json\/wp\/v2\/product_tag?post=41487"}],"curies":[{"name":"wp","href":"https:\/\/api.w.org\/{rel}","templated":true}]}}