{"id":4148,"date":"2021-12-16T15:06:43","date_gmt":"2021-12-16T18:06:43","guid":{"rendered":"https:\/\/www.museuhistoricosl.com.br\/novosite\/produto\/sl031-fd-0015\/"},"modified":"2021-12-16T15:06:43","modified_gmt":"2021-12-16T18:06:43","slug":"sl031-fd-0015","status":"publish","type":"product","link":"https:\/\/www.museuhistoricosl.com.br\/loja\/produto\/sl031-fd-0015\/","title":{"rendered":"SL031-FD-0015"},"content":{"rendered":"<p>Enchente de maio de 1941. Pra\u00e7a de Esportes General Daltro Filho (pracinha dos Brinquedos). &#8211; C\u00f3digo anterior de cat\u00e1logo:FD 31,15; Elei\u00e7\u00f5es; <\/p>\n","protected":false},"excerpt":{"rendered":"<p>Enchente de maio de 1941. Pra\u00e7a de Esportes General Daltro Filho (pracinha dos Brinquedos). &#8211; C\u00f3digo anterior de cat\u00e1logo:FD 31,15;<\/p>\n","protected":false},"featured_media":4147,"comment_status":"open","ping_status":"closed","template":"","meta":{"_acf_changed":false},"product_cat":[38],"product_tag":[],"class_list":["post-4148","product","type-product","status-publish","has-post-thumbnail","hentry","product_cat-eleicoes"],"acf":[],"_links":{"self":[{"href":"https:\/\/www.museuhistoricosl.com.br\/loja\/wp-json\/wp\/v2\/product\/4148","targetHints":{"allow":["GET"]}}],"collection":[{"href":"https:\/\/www.museuhistoricosl.com.br\/loja\/wp-json\/wp\/v2\/product"}],"about":[{"href":"https:\/\/www.museuhistoricosl.com.br\/loja\/wp-json\/wp\/v2\/types\/product"}],"replies":[{"embeddable":true,"href":"https:\/\/www.museuhistoricosl.com.br\/loja\/wp-json\/wp\/v2\/comments?post=4148"}],"wp:featuredmedia":[{"embeddable":true,"href":"https:\/\/www.museuhistoricosl.com.br\/loja\/wp-json\/wp\/v2\/media\/4147"}],"wp:attachment":[{"href":"https:\/\/www.museuhistoricosl.com.br\/loja\/wp-json\/wp\/v2\/media?parent=4148"}],"wp:term":[{"taxonomy":"product_cat","embeddable":true,"href":"https:\/\/www.museuhistoricosl.com.br\/loja\/wp-json\/wp\/v2\/product_cat?post=4148"},{"taxonomy":"product_tag","embeddable":true,"href":"https:\/\/www.museuhistoricosl.com.br\/loja\/wp-json\/wp\/v2\/product_tag?post=4148"}],"curies":[{"name":"wp","href":"https:\/\/api.w.org\/{rel}","templated":true}]}}