{"id":41443,"date":"2022-01-17T15:57:42","date_gmt":"2022-01-17T18:57:42","guid":{"rendered":"https:\/\/www.museuhistoricosl.com.br\/loja\/produto\/sl061-fd-0032\/"},"modified":"2022-01-17T15:57:42","modified_gmt":"2022-01-17T18:57:42","slug":"sl061-fd-0032","status":"publish","type":"product","link":"https:\/\/www.museuhistoricosl.com.br\/loja\/produto\/sl061-fd-0032\/","title":{"rendered":"SL061-FD-0032"},"content":{"rendered":"<p>Cine Foto Club, Mudan\u00e7a de diretoria, Oscar Vargas Filho recebendo Cart\u00e3o de Prta de Manfredo H\u00fcbner; Meios de Comunica\u00e7\u00e3o; <\/p>\n","protected":false},"excerpt":{"rendered":"<p>Cine Foto Club, Mudan\u00e7a de diretoria, Oscar Vargas Filho recebendo Cart\u00e3o de Prta de Manfredo H\u00fcbner; Meios de Comunica\u00e7\u00e3o;<\/p>\n","protected":false},"featured_media":41442,"comment_status":"open","ping_status":"closed","template":"","meta":{"_acf_changed":false},"product_cat":[100],"product_tag":[],"class_list":["post-41443","product","type-product","status-publish","has-post-thumbnail","hentry","product_cat-meios-de-comunicacao"],"acf":[],"_links":{"self":[{"href":"https:\/\/www.museuhistoricosl.com.br\/loja\/wp-json\/wp\/v2\/product\/41443","targetHints":{"allow":["GET"]}}],"collection":[{"href":"https:\/\/www.museuhistoricosl.com.br\/loja\/wp-json\/wp\/v2\/product"}],"about":[{"href":"https:\/\/www.museuhistoricosl.com.br\/loja\/wp-json\/wp\/v2\/types\/product"}],"replies":[{"embeddable":true,"href":"https:\/\/www.museuhistoricosl.com.br\/loja\/wp-json\/wp\/v2\/comments?post=41443"}],"wp:featuredmedia":[{"embeddable":true,"href":"https:\/\/www.museuhistoricosl.com.br\/loja\/wp-json\/wp\/v2\/media\/41442"}],"wp:attachment":[{"href":"https:\/\/www.museuhistoricosl.com.br\/loja\/wp-json\/wp\/v2\/media?parent=41443"}],"wp:term":[{"taxonomy":"product_cat","embeddable":true,"href":"https:\/\/www.museuhistoricosl.com.br\/loja\/wp-json\/wp\/v2\/product_cat?post=41443"},{"taxonomy":"product_tag","embeddable":true,"href":"https:\/\/www.museuhistoricosl.com.br\/loja\/wp-json\/wp\/v2\/product_tag?post=41443"}],"curies":[{"name":"wp","href":"https:\/\/api.w.org\/{rel}","templated":true}]}}