{"id":41441,"date":"2022-01-17T15:57:41","date_gmt":"2022-01-17T18:57:41","guid":{"rendered":"https:\/\/www.museuhistoricosl.com.br\/loja\/produto\/sl061-fd-0031\/"},"modified":"2022-01-17T15:57:41","modified_gmt":"2022-01-17T18:57:41","slug":"sl061-fd-0031","status":"publish","type":"product","link":"https:\/\/www.museuhistoricosl.com.br\/loja\/produto\/sl061-fd-0031\/","title":{"rendered":"SL061-FD-0031"},"content":{"rendered":"<p>Revista Rua Grande, Logo Ed\u00e7\u00e3o 1.000; Meios de Comunica\u00e7\u00e3o; <\/p>\n","protected":false},"excerpt":{"rendered":"<p>Revista Rua Grande, Logo Ed\u00e7\u00e3o 1.000; Meios de Comunica\u00e7\u00e3o;<\/p>\n","protected":false},"featured_media":41440,"comment_status":"open","ping_status":"closed","template":"","meta":{"_acf_changed":false},"product_cat":[100],"product_tag":[],"class_list":["post-41441","product","type-product","status-publish","has-post-thumbnail","hentry","product_cat-meios-de-comunicacao"],"acf":[],"_links":{"self":[{"href":"https:\/\/www.museuhistoricosl.com.br\/loja\/wp-json\/wp\/v2\/product\/41441","targetHints":{"allow":["GET"]}}],"collection":[{"href":"https:\/\/www.museuhistoricosl.com.br\/loja\/wp-json\/wp\/v2\/product"}],"about":[{"href":"https:\/\/www.museuhistoricosl.com.br\/loja\/wp-json\/wp\/v2\/types\/product"}],"replies":[{"embeddable":true,"href":"https:\/\/www.museuhistoricosl.com.br\/loja\/wp-json\/wp\/v2\/comments?post=41441"}],"wp:featuredmedia":[{"embeddable":true,"href":"https:\/\/www.museuhistoricosl.com.br\/loja\/wp-json\/wp\/v2\/media\/41440"}],"wp:attachment":[{"href":"https:\/\/www.museuhistoricosl.com.br\/loja\/wp-json\/wp\/v2\/media?parent=41441"}],"wp:term":[{"taxonomy":"product_cat","embeddable":true,"href":"https:\/\/www.museuhistoricosl.com.br\/loja\/wp-json\/wp\/v2\/product_cat?post=41441"},{"taxonomy":"product_tag","embeddable":true,"href":"https:\/\/www.museuhistoricosl.com.br\/loja\/wp-json\/wp\/v2\/product_tag?post=41441"}],"curies":[{"name":"wp","href":"https:\/\/api.w.org\/{rel}","templated":true}]}}