{"id":41401,"date":"2022-01-17T15:57:18","date_gmt":"2022-01-17T18:57:18","guid":{"rendered":"https:\/\/www.museuhistoricosl.com.br\/loja\/produto\/sl061-fd-0011\/"},"modified":"2022-01-17T15:57:18","modified_gmt":"2022-01-17T18:57:18","slug":"sl061-fd-0011","status":"publish","type":"product","link":"https:\/\/www.museuhistoricosl.com.br\/loja\/produto\/sl061-fd-0011\/","title":{"rendered":"SL061-FD-0011"},"content":{"rendered":"<p>Grupo Editorial Sinos, Festa dos 30 anos, Conjunto &#8220;Os Murip\u00e1s&#8221;; Meios de Comunica\u00e7\u00e3o; <\/p>\n","protected":false},"excerpt":{"rendered":"<p>Grupo Editorial Sinos, Festa dos 30 anos, Conjunto &#8220;Os Murip\u00e1s&#8221;; Meios de Comunica\u00e7\u00e3o;<\/p>\n","protected":false},"featured_media":41400,"comment_status":"open","ping_status":"closed","template":"","meta":{"_acf_changed":false},"product_cat":[100],"product_tag":[],"class_list":["post-41401","product","type-product","status-publish","has-post-thumbnail","hentry","product_cat-meios-de-comunicacao"],"acf":[],"_links":{"self":[{"href":"https:\/\/www.museuhistoricosl.com.br\/loja\/wp-json\/wp\/v2\/product\/41401","targetHints":{"allow":["GET"]}}],"collection":[{"href":"https:\/\/www.museuhistoricosl.com.br\/loja\/wp-json\/wp\/v2\/product"}],"about":[{"href":"https:\/\/www.museuhistoricosl.com.br\/loja\/wp-json\/wp\/v2\/types\/product"}],"replies":[{"embeddable":true,"href":"https:\/\/www.museuhistoricosl.com.br\/loja\/wp-json\/wp\/v2\/comments?post=41401"}],"wp:featuredmedia":[{"embeddable":true,"href":"https:\/\/www.museuhistoricosl.com.br\/loja\/wp-json\/wp\/v2\/media\/41400"}],"wp:attachment":[{"href":"https:\/\/www.museuhistoricosl.com.br\/loja\/wp-json\/wp\/v2\/media?parent=41401"}],"wp:term":[{"taxonomy":"product_cat","embeddable":true,"href":"https:\/\/www.museuhistoricosl.com.br\/loja\/wp-json\/wp\/v2\/product_cat?post=41401"},{"taxonomy":"product_tag","embeddable":true,"href":"https:\/\/www.museuhistoricosl.com.br\/loja\/wp-json\/wp\/v2\/product_tag?post=41401"}],"curies":[{"name":"wp","href":"https:\/\/api.w.org\/{rel}","templated":true}]}}