{"id":41381,"date":"2022-01-17T15:57:09","date_gmt":"2022-01-17T18:57:09","guid":{"rendered":"https:\/\/www.museuhistoricosl.com.br\/loja\/produto\/sl061-fd-0001\/"},"modified":"2022-01-17T15:57:09","modified_gmt":"2022-01-17T18:57:09","slug":"sl061-fd-0001","status":"publish","type":"product","link":"https:\/\/www.museuhistoricosl.com.br\/loja\/produto\/sl061-fd-0001\/","title":{"rendered":"SL061-FD-0001"},"content":{"rendered":"<p>Luiz Carlos Santetti, radialista \/ apresentador da R\u00e1dio S\u00e3o Leopoldo, ; Meios de Comunica\u00e7\u00e3o; <\/p>\n","protected":false},"excerpt":{"rendered":"<p>Luiz Carlos Santetti, radialista \/ apresentador da R\u00e1dio S\u00e3o Leopoldo, ; Meios de Comunica\u00e7\u00e3o;<\/p>\n","protected":false},"featured_media":41380,"comment_status":"open","ping_status":"closed","template":"","meta":{"_acf_changed":false},"product_cat":[100],"product_tag":[],"class_list":["post-41381","product","type-product","status-publish","has-post-thumbnail","hentry","product_cat-meios-de-comunicacao"],"acf":[],"_links":{"self":[{"href":"https:\/\/www.museuhistoricosl.com.br\/loja\/wp-json\/wp\/v2\/product\/41381","targetHints":{"allow":["GET"]}}],"collection":[{"href":"https:\/\/www.museuhistoricosl.com.br\/loja\/wp-json\/wp\/v2\/product"}],"about":[{"href":"https:\/\/www.museuhistoricosl.com.br\/loja\/wp-json\/wp\/v2\/types\/product"}],"replies":[{"embeddable":true,"href":"https:\/\/www.museuhistoricosl.com.br\/loja\/wp-json\/wp\/v2\/comments?post=41381"}],"wp:featuredmedia":[{"embeddable":true,"href":"https:\/\/www.museuhistoricosl.com.br\/loja\/wp-json\/wp\/v2\/media\/41380"}],"wp:attachment":[{"href":"https:\/\/www.museuhistoricosl.com.br\/loja\/wp-json\/wp\/v2\/media?parent=41381"}],"wp:term":[{"taxonomy":"product_cat","embeddable":true,"href":"https:\/\/www.museuhistoricosl.com.br\/loja\/wp-json\/wp\/v2\/product_cat?post=41381"},{"taxonomy":"product_tag","embeddable":true,"href":"https:\/\/www.museuhistoricosl.com.br\/loja\/wp-json\/wp\/v2\/product_tag?post=41381"}],"curies":[{"name":"wp","href":"https:\/\/api.w.org\/{rel}","templated":true}]}}