{"id":41378,"date":"2022-01-17T15:47:55","date_gmt":"2022-01-17T18:47:55","guid":{"rendered":"https:\/\/www.museuhistoricosl.com.br\/loja\/produto\/sl060-fd-9903\/"},"modified":"2022-01-17T15:47:55","modified_gmt":"2022-01-17T18:47:55","slug":"sl060-fd-9903","status":"publish","type":"product","link":"https:\/\/www.museuhistoricosl.com.br\/loja\/produto\/sl060-fd-9903\/","title":{"rendered":"SL060-FD-9903"},"content":{"rendered":"<p>Estabelecimento F. Bertschinger &#038; C. &#8211; C\u00f3digo anterior de cat\u00e1logo:FD 60-3r; Medicina e Sa\u00fade; <\/p>\n","protected":false},"excerpt":{"rendered":"<p>Estabelecimento F. Bertschinger &#038; C. &#8211; C\u00f3digo anterior de cat\u00e1logo:FD 60-3r; Medicina e Sa\u00fade;<\/p>\n","protected":false},"featured_media":41377,"comment_status":"open","ping_status":"closed","template":"","meta":{"_acf_changed":false},"product_cat":[99],"product_tag":[],"class_list":["post-41378","product","type-product","status-publish","has-post-thumbnail","hentry","product_cat-medicina-e-saude"],"acf":[],"_links":{"self":[{"href":"https:\/\/www.museuhistoricosl.com.br\/loja\/wp-json\/wp\/v2\/product\/41378","targetHints":{"allow":["GET"]}}],"collection":[{"href":"https:\/\/www.museuhistoricosl.com.br\/loja\/wp-json\/wp\/v2\/product"}],"about":[{"href":"https:\/\/www.museuhistoricosl.com.br\/loja\/wp-json\/wp\/v2\/types\/product"}],"replies":[{"embeddable":true,"href":"https:\/\/www.museuhistoricosl.com.br\/loja\/wp-json\/wp\/v2\/comments?post=41378"}],"wp:featuredmedia":[{"embeddable":true,"href":"https:\/\/www.museuhistoricosl.com.br\/loja\/wp-json\/wp\/v2\/media\/41377"}],"wp:attachment":[{"href":"https:\/\/www.museuhistoricosl.com.br\/loja\/wp-json\/wp\/v2\/media?parent=41378"}],"wp:term":[{"taxonomy":"product_cat","embeddable":true,"href":"https:\/\/www.museuhistoricosl.com.br\/loja\/wp-json\/wp\/v2\/product_cat?post=41378"},{"taxonomy":"product_tag","embeddable":true,"href":"https:\/\/www.museuhistoricosl.com.br\/loja\/wp-json\/wp\/v2\/product_tag?post=41378"}],"curies":[{"name":"wp","href":"https:\/\/api.w.org\/{rel}","templated":true}]}}