{"id":41254,"date":"2022-01-17T15:46:25","date_gmt":"2022-01-17T18:46:25","guid":{"rendered":"https:\/\/www.museuhistoricosl.com.br\/loja\/produto\/sl060-fd-0218\/"},"modified":"2022-01-17T15:46:25","modified_gmt":"2022-01-17T18:46:25","slug":"sl060-fd-0218","status":"publish","type":"product","link":"https:\/\/www.museuhistoricosl.com.br\/loja\/produto\/sl060-fd-0218\/","title":{"rendered":"SL060-FD-0218"},"content":{"rendered":"<p>Unidade Sanit\u00e1ria aplica a Terapia de Reidrata\u00e7\u00e3o Oral, 12\/01\/1984; Medicina e Sa\u00fade; <\/p>\n","protected":false},"excerpt":{"rendered":"<p>Unidade Sanit\u00e1ria aplica a Terapia de Reidrata\u00e7\u00e3o Oral, 12\/01\/1984; Medicina e Sa\u00fade;<\/p>\n","protected":false},"featured_media":41253,"comment_status":"open","ping_status":"closed","template":"","meta":{"_acf_changed":false},"product_cat":[99],"product_tag":[],"class_list":["post-41254","product","type-product","status-publish","has-post-thumbnail","hentry","product_cat-medicina-e-saude"],"acf":[],"_links":{"self":[{"href":"https:\/\/www.museuhistoricosl.com.br\/loja\/wp-json\/wp\/v2\/product\/41254","targetHints":{"allow":["GET"]}}],"collection":[{"href":"https:\/\/www.museuhistoricosl.com.br\/loja\/wp-json\/wp\/v2\/product"}],"about":[{"href":"https:\/\/www.museuhistoricosl.com.br\/loja\/wp-json\/wp\/v2\/types\/product"}],"replies":[{"embeddable":true,"href":"https:\/\/www.museuhistoricosl.com.br\/loja\/wp-json\/wp\/v2\/comments?post=41254"}],"wp:featuredmedia":[{"embeddable":true,"href":"https:\/\/www.museuhistoricosl.com.br\/loja\/wp-json\/wp\/v2\/media\/41253"}],"wp:attachment":[{"href":"https:\/\/www.museuhistoricosl.com.br\/loja\/wp-json\/wp\/v2\/media?parent=41254"}],"wp:term":[{"taxonomy":"product_cat","embeddable":true,"href":"https:\/\/www.museuhistoricosl.com.br\/loja\/wp-json\/wp\/v2\/product_cat?post=41254"},{"taxonomy":"product_tag","embeddable":true,"href":"https:\/\/www.museuhistoricosl.com.br\/loja\/wp-json\/wp\/v2\/product_tag?post=41254"}],"curies":[{"name":"wp","href":"https:\/\/api.w.org\/{rel}","templated":true}]}}