{"id":41234,"date":"2022-01-17T15:46:16","date_gmt":"2022-01-17T18:46:16","guid":{"rendered":"https:\/\/www.museuhistoricosl.com.br\/loja\/produto\/sl060-fd-0208\/"},"modified":"2022-01-17T15:46:16","modified_gmt":"2022-01-17T18:46:16","slug":"sl060-fd-0208","status":"publish","type":"product","link":"https:\/\/www.museuhistoricosl.com.br\/loja\/produto\/sl060-fd-0208\/","title":{"rendered":"SL060-FD-0208"},"content":{"rendered":"<p>Hospital Unimed, Rua Concei\u00e7\u00e3o, 1050; Medicina e Sa\u00fade; <\/p>\n","protected":false},"excerpt":{"rendered":"<p>Hospital Unimed, Rua Concei\u00e7\u00e3o, 1050; Medicina e Sa\u00fade;<\/p>\n","protected":false},"featured_media":41233,"comment_status":"open","ping_status":"closed","template":"","meta":{"_acf_changed":false},"product_cat":[99],"product_tag":[],"class_list":["post-41234","product","type-product","status-publish","has-post-thumbnail","hentry","product_cat-medicina-e-saude"],"acf":[],"_links":{"self":[{"href":"https:\/\/www.museuhistoricosl.com.br\/loja\/wp-json\/wp\/v2\/product\/41234","targetHints":{"allow":["GET"]}}],"collection":[{"href":"https:\/\/www.museuhistoricosl.com.br\/loja\/wp-json\/wp\/v2\/product"}],"about":[{"href":"https:\/\/www.museuhistoricosl.com.br\/loja\/wp-json\/wp\/v2\/types\/product"}],"replies":[{"embeddable":true,"href":"https:\/\/www.museuhistoricosl.com.br\/loja\/wp-json\/wp\/v2\/comments?post=41234"}],"wp:featuredmedia":[{"embeddable":true,"href":"https:\/\/www.museuhistoricosl.com.br\/loja\/wp-json\/wp\/v2\/media\/41233"}],"wp:attachment":[{"href":"https:\/\/www.museuhistoricosl.com.br\/loja\/wp-json\/wp\/v2\/media?parent=41234"}],"wp:term":[{"taxonomy":"product_cat","embeddable":true,"href":"https:\/\/www.museuhistoricosl.com.br\/loja\/wp-json\/wp\/v2\/product_cat?post=41234"},{"taxonomy":"product_tag","embeddable":true,"href":"https:\/\/www.museuhistoricosl.com.br\/loja\/wp-json\/wp\/v2\/product_tag?post=41234"}],"curies":[{"name":"wp","href":"https:\/\/api.w.org\/{rel}","templated":true}]}}