{"id":40994,"date":"2022-01-17T15:44:03","date_gmt":"2022-01-17T18:44:03","guid":{"rendered":"https:\/\/www.museuhistoricosl.com.br\/loja\/produto\/sl060-fd-0088\/"},"modified":"2022-01-17T15:44:03","modified_gmt":"2022-01-17T18:44:03","slug":"sl060-fd-0088","status":"publish","type":"product","link":"https:\/\/www.museuhistoricosl.com.br\/loja\/produto\/sl060-fd-0088\/","title":{"rendered":"SL060-FD-0088"},"content":{"rendered":"<p>Serclin &#8211; consult\u00f3rio odontol\u00f3gico; Medicina e Sa\u00fade; <\/p>\n","protected":false},"excerpt":{"rendered":"<p>Serclin &#8211; consult\u00f3rio odontol\u00f3gico; Medicina e Sa\u00fade;<\/p>\n","protected":false},"featured_media":40993,"comment_status":"open","ping_status":"closed","template":"","meta":{"_acf_changed":false},"product_cat":[99],"product_tag":[],"class_list":["post-40994","product","type-product","status-publish","has-post-thumbnail","hentry","product_cat-medicina-e-saude"],"acf":[],"_links":{"self":[{"href":"https:\/\/www.museuhistoricosl.com.br\/loja\/wp-json\/wp\/v2\/product\/40994","targetHints":{"allow":["GET"]}}],"collection":[{"href":"https:\/\/www.museuhistoricosl.com.br\/loja\/wp-json\/wp\/v2\/product"}],"about":[{"href":"https:\/\/www.museuhistoricosl.com.br\/loja\/wp-json\/wp\/v2\/types\/product"}],"replies":[{"embeddable":true,"href":"https:\/\/www.museuhistoricosl.com.br\/loja\/wp-json\/wp\/v2\/comments?post=40994"}],"wp:featuredmedia":[{"embeddable":true,"href":"https:\/\/www.museuhistoricosl.com.br\/loja\/wp-json\/wp\/v2\/media\/40993"}],"wp:attachment":[{"href":"https:\/\/www.museuhistoricosl.com.br\/loja\/wp-json\/wp\/v2\/media?parent=40994"}],"wp:term":[{"taxonomy":"product_cat","embeddable":true,"href":"https:\/\/www.museuhistoricosl.com.br\/loja\/wp-json\/wp\/v2\/product_cat?post=40994"},{"taxonomy":"product_tag","embeddable":true,"href":"https:\/\/www.museuhistoricosl.com.br\/loja\/wp-json\/wp\/v2\/product_tag?post=40994"}],"curies":[{"name":"wp","href":"https:\/\/api.w.org\/{rel}","templated":true}]}}