{"id":40886,"date":"2022-01-17T15:43:03","date_gmt":"2022-01-17T18:43:03","guid":{"rendered":"https:\/\/www.museuhistoricosl.com.br\/loja\/produto\/sl060-fd-0021\/"},"modified":"2022-01-17T15:43:03","modified_gmt":"2022-01-17T18:43:03","slug":"sl060-fd-0021","status":"publish","type":"product","link":"https:\/\/www.museuhistoricosl.com.br\/loja\/produto\/sl060-fd-0021\/","title":{"rendered":"SL060-FD-0021"},"content":{"rendered":"<p>Fraternidade Crist\u00e3 de Doentes e Deficientes, Reuni\u00e3o dos deficiantes, palestra aos deficientes no zool\u00f3gico, 05\/1984; Medicina e Sa\u00fade; <\/p>\n","protected":false},"excerpt":{"rendered":"<p>Fraternidade Crist\u00e3 de Doentes e Deficientes, Reuni\u00e3o dos deficiantes, palestra aos deficientes no zool\u00f3gico, 05\/1984; Medicina e Sa\u00fade;<\/p>\n","protected":false},"featured_media":40885,"comment_status":"open","ping_status":"closed","template":"","meta":{"_acf_changed":false},"product_cat":[99],"product_tag":[],"class_list":["post-40886","product","type-product","status-publish","has-post-thumbnail","hentry","product_cat-medicina-e-saude"],"acf":[],"_links":{"self":[{"href":"https:\/\/www.museuhistoricosl.com.br\/loja\/wp-json\/wp\/v2\/product\/40886","targetHints":{"allow":["GET"]}}],"collection":[{"href":"https:\/\/www.museuhistoricosl.com.br\/loja\/wp-json\/wp\/v2\/product"}],"about":[{"href":"https:\/\/www.museuhistoricosl.com.br\/loja\/wp-json\/wp\/v2\/types\/product"}],"replies":[{"embeddable":true,"href":"https:\/\/www.museuhistoricosl.com.br\/loja\/wp-json\/wp\/v2\/comments?post=40886"}],"wp:featuredmedia":[{"embeddable":true,"href":"https:\/\/www.museuhistoricosl.com.br\/loja\/wp-json\/wp\/v2\/media\/40885"}],"wp:attachment":[{"href":"https:\/\/www.museuhistoricosl.com.br\/loja\/wp-json\/wp\/v2\/media?parent=40886"}],"wp:term":[{"taxonomy":"product_cat","embeddable":true,"href":"https:\/\/www.museuhistoricosl.com.br\/loja\/wp-json\/wp\/v2\/product_cat?post=40886"},{"taxonomy":"product_tag","embeddable":true,"href":"https:\/\/www.museuhistoricosl.com.br\/loja\/wp-json\/wp\/v2\/product_tag?post=40886"}],"curies":[{"name":"wp","href":"https:\/\/api.w.org\/{rel}","templated":true}]}}