{"id":40771,"date":"2022-01-17T15:34:25","date_gmt":"2022-01-17T18:34:25","guid":{"rendered":"https:\/\/www.museuhistoricosl.com.br\/loja\/produto\/sl062-fd-0083\/"},"modified":"2022-01-17T15:34:25","modified_gmt":"2022-01-17T18:34:25","slug":"sl062-fd-0083","status":"publish","type":"product","link":"https:\/\/www.museuhistoricosl.com.br\/loja\/produto\/sl062-fd-0083\/","title":{"rendered":"SL062-FD-0083"},"content":{"rendered":"<p>Sem descri\u00e7\u00e3o; Lomba Grande; Foto doada por Jos\u00e9 Luiz Alves da Rocha &#8211; 8\/04\/83<\/p>\n","protected":false},"excerpt":{"rendered":"<p>Sem descri\u00e7\u00e3o; Lomba Grande; Foto doada por Jos\u00e9 Luiz Alves da Rocha &#8211; 8\/04\/83<\/p>\n","protected":false},"featured_media":40770,"comment_status":"open","ping_status":"closed","template":"","meta":{"_acf_changed":false},"product_cat":[98],"product_tag":[],"class_list":["post-40771","product","type-product","status-publish","has-post-thumbnail","hentry","product_cat-lomba-grande"],"acf":[],"_links":{"self":[{"href":"https:\/\/www.museuhistoricosl.com.br\/loja\/wp-json\/wp\/v2\/product\/40771","targetHints":{"allow":["GET"]}}],"collection":[{"href":"https:\/\/www.museuhistoricosl.com.br\/loja\/wp-json\/wp\/v2\/product"}],"about":[{"href":"https:\/\/www.museuhistoricosl.com.br\/loja\/wp-json\/wp\/v2\/types\/product"}],"replies":[{"embeddable":true,"href":"https:\/\/www.museuhistoricosl.com.br\/loja\/wp-json\/wp\/v2\/comments?post=40771"}],"wp:featuredmedia":[{"embeddable":true,"href":"https:\/\/www.museuhistoricosl.com.br\/loja\/wp-json\/wp\/v2\/media\/40770"}],"wp:attachment":[{"href":"https:\/\/www.museuhistoricosl.com.br\/loja\/wp-json\/wp\/v2\/media?parent=40771"}],"wp:term":[{"taxonomy":"product_cat","embeddable":true,"href":"https:\/\/www.museuhistoricosl.com.br\/loja\/wp-json\/wp\/v2\/product_cat?post=40771"},{"taxonomy":"product_tag","embeddable":true,"href":"https:\/\/www.museuhistoricosl.com.br\/loja\/wp-json\/wp\/v2\/product_tag?post=40771"}],"curies":[{"name":"wp","href":"https:\/\/api.w.org\/{rel}","templated":true}]}}