{"id":40631,"date":"2022-01-17T15:32:11","date_gmt":"2022-01-17T18:32:11","guid":{"rendered":"https:\/\/www.museuhistoricosl.com.br\/loja\/produto\/sl062-fd-0013\/"},"modified":"2022-01-17T15:32:11","modified_gmt":"2022-01-17T18:32:11","slug":"sl062-fd-0013","status":"publish","type":"product","link":"https:\/\/www.museuhistoricosl.com.br\/loja\/produto\/sl062-fd-0013\/","title":{"rendered":"SL062-FD-0013"},"content":{"rendered":"<p>Lu\u00edza, em v\u00e9spera de dar a luz \u00e0  filha Elisabeth. 06.1930 &#8211; C\u00f3digo anterior de cat\u00e1logo:FD ES,13; Lomba Grande; <\/p>\n","protected":false},"excerpt":{"rendered":"<p>Lu\u00edza, em v\u00e9spera de dar a luz \u00e0 filha Elisabeth. 06.1930 &#8211; C\u00f3digo anterior de cat\u00e1logo:FD ES,13; Lomba Grande;<\/p>\n","protected":false},"featured_media":40630,"comment_status":"open","ping_status":"closed","template":"","meta":{"_acf_changed":false},"product_cat":[98],"product_tag":[],"class_list":["post-40631","product","type-product","status-publish","has-post-thumbnail","hentry","product_cat-lomba-grande"],"acf":[],"_links":{"self":[{"href":"https:\/\/www.museuhistoricosl.com.br\/loja\/wp-json\/wp\/v2\/product\/40631","targetHints":{"allow":["GET"]}}],"collection":[{"href":"https:\/\/www.museuhistoricosl.com.br\/loja\/wp-json\/wp\/v2\/product"}],"about":[{"href":"https:\/\/www.museuhistoricosl.com.br\/loja\/wp-json\/wp\/v2\/types\/product"}],"replies":[{"embeddable":true,"href":"https:\/\/www.museuhistoricosl.com.br\/loja\/wp-json\/wp\/v2\/comments?post=40631"}],"wp:featuredmedia":[{"embeddable":true,"href":"https:\/\/www.museuhistoricosl.com.br\/loja\/wp-json\/wp\/v2\/media\/40630"}],"wp:attachment":[{"href":"https:\/\/www.museuhistoricosl.com.br\/loja\/wp-json\/wp\/v2\/media?parent=40631"}],"wp:term":[{"taxonomy":"product_cat","embeddable":true,"href":"https:\/\/www.museuhistoricosl.com.br\/loja\/wp-json\/wp\/v2\/product_cat?post=40631"},{"taxonomy":"product_tag","embeddable":true,"href":"https:\/\/www.museuhistoricosl.com.br\/loja\/wp-json\/wp\/v2\/product_tag?post=40631"}],"curies":[{"name":"wp","href":"https:\/\/api.w.org\/{rel}","templated":true}]}}