{"id":40621,"date":"2022-01-17T15:32:06","date_gmt":"2022-01-17T18:32:06","guid":{"rendered":"https:\/\/www.museuhistoricosl.com.br\/loja\/produto\/sl062-fd-0008\/"},"modified":"2022-01-17T15:32:06","modified_gmt":"2022-01-17T18:32:06","slug":"sl062-fd-0008","status":"publish","type":"product","link":"https:\/\/www.museuhistoricosl.com.br\/loja\/produto\/sl062-fd-0008\/","title":{"rendered":"SL062-FD-0008"},"content":{"rendered":"<p>Igreja Cat\u00f3lica de Lomba Grande. Fotografado por E.Bohn, 1949. Doado por Emilia (Emi) Sauer Hackel. &#8211; C\u00f3digo anterior de cat\u00e1logo:FD ES,8; Lomba Grande; <\/p>\n","protected":false},"excerpt":{"rendered":"<p>Igreja Cat\u00f3lica de Lomba Grande. Fotografado por E.Bohn, 1949. Doado por Emilia (Emi) Sauer Hackel. &#8211; C\u00f3digo anterior de cat\u00e1logo:FD<\/p>\n","protected":false},"featured_media":40620,"comment_status":"open","ping_status":"closed","template":"","meta":{"_acf_changed":false},"product_cat":[98],"product_tag":[],"class_list":["post-40621","product","type-product","status-publish","has-post-thumbnail","hentry","product_cat-lomba-grande"],"acf":[],"_links":{"self":[{"href":"https:\/\/www.museuhistoricosl.com.br\/loja\/wp-json\/wp\/v2\/product\/40621","targetHints":{"allow":["GET"]}}],"collection":[{"href":"https:\/\/www.museuhistoricosl.com.br\/loja\/wp-json\/wp\/v2\/product"}],"about":[{"href":"https:\/\/www.museuhistoricosl.com.br\/loja\/wp-json\/wp\/v2\/types\/product"}],"replies":[{"embeddable":true,"href":"https:\/\/www.museuhistoricosl.com.br\/loja\/wp-json\/wp\/v2\/comments?post=40621"}],"wp:featuredmedia":[{"embeddable":true,"href":"https:\/\/www.museuhistoricosl.com.br\/loja\/wp-json\/wp\/v2\/media\/40620"}],"wp:attachment":[{"href":"https:\/\/www.museuhistoricosl.com.br\/loja\/wp-json\/wp\/v2\/media?parent=40621"}],"wp:term":[{"taxonomy":"product_cat","embeddable":true,"href":"https:\/\/www.museuhistoricosl.com.br\/loja\/wp-json\/wp\/v2\/product_cat?post=40621"},{"taxonomy":"product_tag","embeddable":true,"href":"https:\/\/www.museuhistoricosl.com.br\/loja\/wp-json\/wp\/v2\/product_tag?post=40621"}],"curies":[{"name":"wp","href":"https:\/\/api.w.org\/{rel}","templated":true}]}}