{"id":40607,"date":"2022-01-17T15:31:57","date_gmt":"2022-01-17T18:31:57","guid":{"rendered":"https:\/\/www.museuhistoricosl.com.br\/loja\/produto\/sl062-fd-0001\/"},"modified":"2022-01-17T15:31:57","modified_gmt":"2022-01-17T18:31:57","slug":"sl062-fd-0001","status":"publish","type":"product","link":"https:\/\/www.museuhistoricosl.com.br\/loja\/produto\/sl062-fd-0001\/","title":{"rendered":"SL062-FD-0001"},"content":{"rendered":"<p>Sem identifica\u00e7\u00e3o. (Negativo com v\u00e1rias pessoas). Doado por Em\u00edlia (Emi) Sauer Hanckel &#8211; C\u00f3digo anterior de cat\u00e1logo:FD ES,1; Lomba Grande; <\/p>\n","protected":false},"excerpt":{"rendered":"<p>Sem identifica\u00e7\u00e3o. (Negativo com v\u00e1rias pessoas). Doado por Em\u00edlia (Emi) Sauer Hanckel &#8211; C\u00f3digo anterior de cat\u00e1logo:FD ES,1; Lomba Grande;<\/p>\n","protected":false},"featured_media":40606,"comment_status":"open","ping_status":"closed","template":"","meta":{"_acf_changed":false},"product_cat":[98],"product_tag":[],"class_list":["post-40607","product","type-product","status-publish","has-post-thumbnail","hentry","product_cat-lomba-grande"],"acf":[],"_links":{"self":[{"href":"https:\/\/www.museuhistoricosl.com.br\/loja\/wp-json\/wp\/v2\/product\/40607","targetHints":{"allow":["GET"]}}],"collection":[{"href":"https:\/\/www.museuhistoricosl.com.br\/loja\/wp-json\/wp\/v2\/product"}],"about":[{"href":"https:\/\/www.museuhistoricosl.com.br\/loja\/wp-json\/wp\/v2\/types\/product"}],"replies":[{"embeddable":true,"href":"https:\/\/www.museuhistoricosl.com.br\/loja\/wp-json\/wp\/v2\/comments?post=40607"}],"wp:featuredmedia":[{"embeddable":true,"href":"https:\/\/www.museuhistoricosl.com.br\/loja\/wp-json\/wp\/v2\/media\/40606"}],"wp:attachment":[{"href":"https:\/\/www.museuhistoricosl.com.br\/loja\/wp-json\/wp\/v2\/media?parent=40607"}],"wp:term":[{"taxonomy":"product_cat","embeddable":true,"href":"https:\/\/www.museuhistoricosl.com.br\/loja\/wp-json\/wp\/v2\/product_cat?post=40607"},{"taxonomy":"product_tag","embeddable":true,"href":"https:\/\/www.museuhistoricosl.com.br\/loja\/wp-json\/wp\/v2\/product_tag?post=40607"}],"curies":[{"name":"wp","href":"https:\/\/api.w.org\/{rel}","templated":true}]}}