{"id":40600,"date":"2022-01-17T15:23:49","date_gmt":"2022-01-17T18:23:49","guid":{"rendered":"https:\/\/www.museuhistoricosl.com.br\/loja\/produto\/sl002-fd-5220\/"},"modified":"2022-01-17T15:23:49","modified_gmt":"2022-01-17T18:23:49","slug":"sl002-fd-5220","status":"publish","type":"product","link":"https:\/\/www.museuhistoricosl.com.br\/loja\/produto\/sl002-fd-5220\/","title":{"rendered":"SL002-FD-5220"},"content":{"rendered":"<p>&#8220;Um dia no Ilha Bela&#8221;. Promo\u00e7\u00e3o do VS e Imobili\u00e1ria Vila Rica. 26\/11\/1983. -9693- &#8211; Cat\u00e1logo anterior: FD 2,220.5; Ind\u00fastria e Com\u00e9rcio; <\/p>\n","protected":false},"excerpt":{"rendered":"<p>&#8220;Um dia no Ilha Bela&#8221;. Promo\u00e7\u00e3o do VS e Imobili\u00e1ria Vila Rica. 26\/11\/1983. -9693- &#8211; Cat\u00e1logo anterior: FD 2,220.5; Ind\u00fastria<\/p>\n","protected":false},"featured_media":40599,"comment_status":"open","ping_status":"closed","template":"","meta":{"_acf_changed":false},"product_cat":[97],"product_tag":[],"class_list":["post-40600","product","type-product","status-publish","has-post-thumbnail","hentry","product_cat-industria-e-comercio"],"acf":[],"_links":{"self":[{"href":"https:\/\/www.museuhistoricosl.com.br\/loja\/wp-json\/wp\/v2\/product\/40600","targetHints":{"allow":["GET"]}}],"collection":[{"href":"https:\/\/www.museuhistoricosl.com.br\/loja\/wp-json\/wp\/v2\/product"}],"about":[{"href":"https:\/\/www.museuhistoricosl.com.br\/loja\/wp-json\/wp\/v2\/types\/product"}],"replies":[{"embeddable":true,"href":"https:\/\/www.museuhistoricosl.com.br\/loja\/wp-json\/wp\/v2\/comments?post=40600"}],"wp:featuredmedia":[{"embeddable":true,"href":"https:\/\/www.museuhistoricosl.com.br\/loja\/wp-json\/wp\/v2\/media\/40599"}],"wp:attachment":[{"href":"https:\/\/www.museuhistoricosl.com.br\/loja\/wp-json\/wp\/v2\/media?parent=40600"}],"wp:term":[{"taxonomy":"product_cat","embeddable":true,"href":"https:\/\/www.museuhistoricosl.com.br\/loja\/wp-json\/wp\/v2\/product_cat?post=40600"},{"taxonomy":"product_tag","embeddable":true,"href":"https:\/\/www.museuhistoricosl.com.br\/loja\/wp-json\/wp\/v2\/product_tag?post=40600"}],"curies":[{"name":"wp","href":"https:\/\/api.w.org\/{rel}","templated":true}]}}