{"id":40558,"date":"2022-01-17T15:23:24","date_gmt":"2022-01-17T18:23:24","guid":{"rendered":"https:\/\/www.museuhistoricosl.com.br\/loja\/produto\/sl002-fd-3499\/"},"modified":"2022-01-17T15:23:24","modified_gmt":"2022-01-17T18:23:24","slug":"sl002-fd-3499","status":"publish","type":"product","link":"https:\/\/www.museuhistoricosl.com.br\/loja\/produto\/sl002-fd-3499\/","title":{"rendered":"SL002-FD-3499"},"content":{"rendered":"<p>Trof\u00e9u de L\u00edder empresarial &#8211; Entrega de anu\u00e1rio -21.03.84 &#8211; n\u00ba11597 &#8211; Cat\u00e1logo anterior: FD 2,499.3; Ind\u00fastria e Com\u00e9rcio; <\/p>\n","protected":false},"excerpt":{"rendered":"<p>Trof\u00e9u de L\u00edder empresarial &#8211; Entrega de anu\u00e1rio -21.03.84 &#8211; n\u00ba11597 &#8211; Cat\u00e1logo anterior: FD 2,499.3; Ind\u00fastria e Com\u00e9rcio;<\/p>\n","protected":false},"featured_media":40557,"comment_status":"open","ping_status":"closed","template":"","meta":{"_acf_changed":false},"product_cat":[97],"product_tag":[],"class_list":["post-40558","product","type-product","status-publish","has-post-thumbnail","hentry","product_cat-industria-e-comercio"],"acf":[],"_links":{"self":[{"href":"https:\/\/www.museuhistoricosl.com.br\/loja\/wp-json\/wp\/v2\/product\/40558","targetHints":{"allow":["GET"]}}],"collection":[{"href":"https:\/\/www.museuhistoricosl.com.br\/loja\/wp-json\/wp\/v2\/product"}],"about":[{"href":"https:\/\/www.museuhistoricosl.com.br\/loja\/wp-json\/wp\/v2\/types\/product"}],"replies":[{"embeddable":true,"href":"https:\/\/www.museuhistoricosl.com.br\/loja\/wp-json\/wp\/v2\/comments?post=40558"}],"wp:featuredmedia":[{"embeddable":true,"href":"https:\/\/www.museuhistoricosl.com.br\/loja\/wp-json\/wp\/v2\/media\/40557"}],"wp:attachment":[{"href":"https:\/\/www.museuhistoricosl.com.br\/loja\/wp-json\/wp\/v2\/media?parent=40558"}],"wp:term":[{"taxonomy":"product_cat","embeddable":true,"href":"https:\/\/www.museuhistoricosl.com.br\/loja\/wp-json\/wp\/v2\/product_cat?post=40558"},{"taxonomy":"product_tag","embeddable":true,"href":"https:\/\/www.museuhistoricosl.com.br\/loja\/wp-json\/wp\/v2\/product_tag?post=40558"}],"curies":[{"name":"wp","href":"https:\/\/api.w.org\/{rel}","templated":true}]}}