{"id":40508,"date":"2022-01-17T15:22:54","date_gmt":"2022-01-17T18:22:54","guid":{"rendered":"https:\/\/www.museuhistoricosl.com.br\/loja\/produto\/sl002-fd-2543\/"},"modified":"2022-01-17T15:22:54","modified_gmt":"2022-01-17T18:22:54","slug":"sl002-fd-2543","status":"publish","type":"product","link":"https:\/\/www.museuhistoricosl.com.br\/loja\/produto\/sl002-fd-2543\/","title":{"rendered":"SL002-FD-2543"},"content":{"rendered":"<p>Equipe Gedore de Competi\u00e7\u00f5es (Arthur Bragantini) &#8211; 23\/5 &#8211; foto 1 &#8211; 50% n\u00ba2600 &#8211; Cat\u00e1logo anterior: FD 2,543.2; Ind\u00fastria e Com\u00e9rcio; <\/p>\n","protected":false},"excerpt":{"rendered":"<p>Equipe Gedore de Competi\u00e7\u00f5es (Arthur Bragantini) &#8211; 23\/5 &#8211; foto 1 &#8211; 50% n\u00ba2600 &#8211; Cat\u00e1logo anterior: FD 2,543.2; Ind\u00fastria<\/p>\n","protected":false},"featured_media":40507,"comment_status":"open","ping_status":"closed","template":"","meta":{"_acf_changed":false},"product_cat":[97],"product_tag":[],"class_list":["post-40508","product","type-product","status-publish","has-post-thumbnail","hentry","product_cat-industria-e-comercio"],"acf":[],"_links":{"self":[{"href":"https:\/\/www.museuhistoricosl.com.br\/loja\/wp-json\/wp\/v2\/product\/40508","targetHints":{"allow":["GET"]}}],"collection":[{"href":"https:\/\/www.museuhistoricosl.com.br\/loja\/wp-json\/wp\/v2\/product"}],"about":[{"href":"https:\/\/www.museuhistoricosl.com.br\/loja\/wp-json\/wp\/v2\/types\/product"}],"replies":[{"embeddable":true,"href":"https:\/\/www.museuhistoricosl.com.br\/loja\/wp-json\/wp\/v2\/comments?post=40508"}],"wp:featuredmedia":[{"embeddable":true,"href":"https:\/\/www.museuhistoricosl.com.br\/loja\/wp-json\/wp\/v2\/media\/40507"}],"wp:attachment":[{"href":"https:\/\/www.museuhistoricosl.com.br\/loja\/wp-json\/wp\/v2\/media?parent=40508"}],"wp:term":[{"taxonomy":"product_cat","embeddable":true,"href":"https:\/\/www.museuhistoricosl.com.br\/loja\/wp-json\/wp\/v2\/product_cat?post=40508"},{"taxonomy":"product_tag","embeddable":true,"href":"https:\/\/www.museuhistoricosl.com.br\/loja\/wp-json\/wp\/v2\/product_tag?post=40508"}],"curies":[{"name":"wp","href":"https:\/\/api.w.org\/{rel}","templated":true}]}}