{"id":40506,"date":"2022-01-17T15:22:53","date_gmt":"2022-01-17T18:22:53","guid":{"rendered":"https:\/\/www.museuhistoricosl.com.br\/loja\/produto\/sl002-fd-2513\/"},"modified":"2022-01-17T15:22:53","modified_gmt":"2022-01-17T18:22:53","slug":"sl002-fd-2513","status":"publish","type":"product","link":"https:\/\/www.museuhistoricosl.com.br\/loja\/produto\/sl002-fd-2513\/","title":{"rendered":"SL002-FD-2513"},"content":{"rendered":"<p>Clube de Diretores e Lojistas de SL &#8211; 20 anos da inaugura\u00e7\u00e3o do audit\u00f3rio &#8211;  4 Jun 85 &#8211;  n\u00ba15283 &#8211; CDL &#8211;  Inaugura\u00e7\u00e3o do audit\u00f3rio &#8211;  03\/06\/85 &#8211; 1\/5 foto 1 &#8211; 20% &#8211; Cat\u00e1logo anterior: FD 2,513 &#8211; A,B; Ind\u00fastria e Com\u00e9rcio; <\/p>\n","protected":false},"excerpt":{"rendered":"<p>Clube de Diretores e Lojistas de SL &#8211; 20 anos da inaugura\u00e7\u00e3o do audit\u00f3rio &#8211; 4 Jun 85 &#8211; n\u00ba15283<\/p>\n","protected":false},"featured_media":40505,"comment_status":"open","ping_status":"closed","template":"","meta":{"_acf_changed":false},"product_cat":[97],"product_tag":[],"class_list":["post-40506","product","type-product","status-publish","has-post-thumbnail","hentry","product_cat-industria-e-comercio"],"acf":[],"_links":{"self":[{"href":"https:\/\/www.museuhistoricosl.com.br\/loja\/wp-json\/wp\/v2\/product\/40506","targetHints":{"allow":["GET"]}}],"collection":[{"href":"https:\/\/www.museuhistoricosl.com.br\/loja\/wp-json\/wp\/v2\/product"}],"about":[{"href":"https:\/\/www.museuhistoricosl.com.br\/loja\/wp-json\/wp\/v2\/types\/product"}],"replies":[{"embeddable":true,"href":"https:\/\/www.museuhistoricosl.com.br\/loja\/wp-json\/wp\/v2\/comments?post=40506"}],"wp:featuredmedia":[{"embeddable":true,"href":"https:\/\/www.museuhistoricosl.com.br\/loja\/wp-json\/wp\/v2\/media\/40505"}],"wp:attachment":[{"href":"https:\/\/www.museuhistoricosl.com.br\/loja\/wp-json\/wp\/v2\/media?parent=40506"}],"wp:term":[{"taxonomy":"product_cat","embeddable":true,"href":"https:\/\/www.museuhistoricosl.com.br\/loja\/wp-json\/wp\/v2\/product_cat?post=40506"},{"taxonomy":"product_tag","embeddable":true,"href":"https:\/\/www.museuhistoricosl.com.br\/loja\/wp-json\/wp\/v2\/product_tag?post=40506"}],"curies":[{"name":"wp","href":"https:\/\/api.w.org\/{rel}","templated":true}]}}