{"id":40398,"date":"2022-01-17T15:21:53","date_gmt":"2022-01-17T18:21:53","guid":{"rendered":"https:\/\/www.museuhistoricosl.com.br\/loja\/produto\/sl002-fd-1545\/"},"modified":"2022-01-17T15:21:53","modified_gmt":"2022-01-17T18:21:53","slug":"sl002-fd-1545","status":"publish","type":"product","link":"https:\/\/www.museuhistoricosl.com.br\/loja\/produto\/sl002-fd-1545\/","title":{"rendered":"SL002-FD-1545"},"content":{"rendered":"<p>Marcelo Oliveira &#8211; 1\u00ba pr\u00eamio do Concurso de caracteriza\u00e7\u00e3o &#8211; festa junina da Gedore na sede da Associa\u00e7\u00e3o &#8211; 26.06.82 &#8211; Associa\u00e7\u00e3o dos Funcion\u00e1rios da Gedore, festa junina (2.7.82) n\u00ba 5319 &#8211; 26\/5 &#8211; foto 1 &#8211; 40% &#8211; Cat\u00e1logo anterior: FD 2,545.1; Ind\u00fastria e Com\u00e9rcio; <\/p>\n","protected":false},"excerpt":{"rendered":"<p>Marcelo Oliveira &#8211; 1\u00ba pr\u00eamio do Concurso de caracteriza\u00e7\u00e3o &#8211; festa junina da Gedore na sede da Associa\u00e7\u00e3o &#8211; 26.06.82<\/p>\n","protected":false},"featured_media":40397,"comment_status":"open","ping_status":"closed","template":"","meta":{"_acf_changed":false},"product_cat":[97],"product_tag":[],"class_list":["post-40398","product","type-product","status-publish","has-post-thumbnail","hentry","product_cat-industria-e-comercio"],"acf":[],"_links":{"self":[{"href":"https:\/\/www.museuhistoricosl.com.br\/loja\/wp-json\/wp\/v2\/product\/40398","targetHints":{"allow":["GET"]}}],"collection":[{"href":"https:\/\/www.museuhistoricosl.com.br\/loja\/wp-json\/wp\/v2\/product"}],"about":[{"href":"https:\/\/www.museuhistoricosl.com.br\/loja\/wp-json\/wp\/v2\/types\/product"}],"replies":[{"embeddable":true,"href":"https:\/\/www.museuhistoricosl.com.br\/loja\/wp-json\/wp\/v2\/comments?post=40398"}],"wp:featuredmedia":[{"embeddable":true,"href":"https:\/\/www.museuhistoricosl.com.br\/loja\/wp-json\/wp\/v2\/media\/40397"}],"wp:attachment":[{"href":"https:\/\/www.museuhistoricosl.com.br\/loja\/wp-json\/wp\/v2\/media?parent=40398"}],"wp:term":[{"taxonomy":"product_cat","embeddable":true,"href":"https:\/\/www.museuhistoricosl.com.br\/loja\/wp-json\/wp\/v2\/product_cat?post=40398"},{"taxonomy":"product_tag","embeddable":true,"href":"https:\/\/www.museuhistoricosl.com.br\/loja\/wp-json\/wp\/v2\/product_tag?post=40398"}],"curies":[{"name":"wp","href":"https:\/\/api.w.org\/{rel}","templated":true}]}}