{"id":40384,"date":"2022-01-17T15:21:45","date_gmt":"2022-01-17T18:21:45","guid":{"rendered":"https:\/\/www.museuhistoricosl.com.br\/loja\/produto\/sl002-fd-1513\/"},"modified":"2022-01-17T15:21:45","modified_gmt":"2022-01-17T18:21:45","slug":"sl002-fd-1513","status":"publish","type":"product","link":"https:\/\/www.museuhistoricosl.com.br\/loja\/produto\/sl002-fd-1513\/","title":{"rendered":"SL002-FD-1513"},"content":{"rendered":"<p>Sala de Exposi\u00e7\u00e3o de Ve\u00edculos da Giering &#8211;  5\/6 &#8211; foto 8 &#8211; ampliar 10% &#8211; 15.09.86 &#8211; n\u00ba20786 &#8211; Cat\u00e1logo anterior: FD 2,513.1; Ind\u00fastria e Com\u00e9rcio; <\/p>\n","protected":false},"excerpt":{"rendered":"<p>Sala de Exposi\u00e7\u00e3o de Ve\u00edculos da Giering &#8211; 5\/6 &#8211; foto 8 &#8211; ampliar 10% &#8211; 15.09.86 &#8211; n\u00ba20786 &#8211;<\/p>\n","protected":false},"featured_media":40383,"comment_status":"open","ping_status":"closed","template":"","meta":{"_acf_changed":false},"product_cat":[97],"product_tag":[],"class_list":["post-40384","product","type-product","status-publish","has-post-thumbnail","hentry","product_cat-industria-e-comercio"],"acf":[],"_links":{"self":[{"href":"https:\/\/www.museuhistoricosl.com.br\/loja\/wp-json\/wp\/v2\/product\/40384","targetHints":{"allow":["GET"]}}],"collection":[{"href":"https:\/\/www.museuhistoricosl.com.br\/loja\/wp-json\/wp\/v2\/product"}],"about":[{"href":"https:\/\/www.museuhistoricosl.com.br\/loja\/wp-json\/wp\/v2\/types\/product"}],"replies":[{"embeddable":true,"href":"https:\/\/www.museuhistoricosl.com.br\/loja\/wp-json\/wp\/v2\/comments?post=40384"}],"wp:featuredmedia":[{"embeddable":true,"href":"https:\/\/www.museuhistoricosl.com.br\/loja\/wp-json\/wp\/v2\/media\/40383"}],"wp:attachment":[{"href":"https:\/\/www.museuhistoricosl.com.br\/loja\/wp-json\/wp\/v2\/media?parent=40384"}],"wp:term":[{"taxonomy":"product_cat","embeddable":true,"href":"https:\/\/www.museuhistoricosl.com.br\/loja\/wp-json\/wp\/v2\/product_cat?post=40384"},{"taxonomy":"product_tag","embeddable":true,"href":"https:\/\/www.museuhistoricosl.com.br\/loja\/wp-json\/wp\/v2\/product_tag?post=40384"}],"curies":[{"name":"wp","href":"https:\/\/api.w.org\/{rel}","templated":true}]}}