{"id":40382,"date":"2022-01-17T15:21:44","date_gmt":"2022-01-17T18:21:44","guid":{"rendered":"https:\/\/www.museuhistoricosl.com.br\/loja\/produto\/sl002-fd-1511\/"},"modified":"2022-01-17T15:21:44","modified_gmt":"2022-01-17T18:21:44","slug":"sl002-fd-1511","status":"publish","type":"product","link":"https:\/\/www.museuhistoricosl.com.br\/loja\/produto\/sl002-fd-1511\/","title":{"rendered":"SL002-FD-1511"},"content":{"rendered":"<p>Associa\u00e7\u00e3o Comercial e Industrial de SL e Clube de Diretores Lojistas  &#8211; Lan\u00e7amento do Simp\u00f3sio do com\u00e9rcio &#8211; 05.02.85 &#8211; 6\/5 &#8211; foto 3 &#8211; ampliar 10% n\u00ba14184 &#8211; Cat\u00e1logo anterior: FD 2,511.1; Ind\u00fastria e Com\u00e9rcio; <\/p>\n","protected":false},"excerpt":{"rendered":"<p>Associa\u00e7\u00e3o Comercial e Industrial de SL e Clube de Diretores Lojistas &#8211; Lan\u00e7amento do Simp\u00f3sio do com\u00e9rcio &#8211; 05.02.85 &#8211;<\/p>\n","protected":false},"featured_media":40381,"comment_status":"open","ping_status":"closed","template":"","meta":{"_acf_changed":false},"product_cat":[97],"product_tag":[],"class_list":["post-40382","product","type-product","status-publish","has-post-thumbnail","hentry","product_cat-industria-e-comercio"],"acf":[],"_links":{"self":[{"href":"https:\/\/www.museuhistoricosl.com.br\/loja\/wp-json\/wp\/v2\/product\/40382","targetHints":{"allow":["GET"]}}],"collection":[{"href":"https:\/\/www.museuhistoricosl.com.br\/loja\/wp-json\/wp\/v2\/product"}],"about":[{"href":"https:\/\/www.museuhistoricosl.com.br\/loja\/wp-json\/wp\/v2\/types\/product"}],"replies":[{"embeddable":true,"href":"https:\/\/www.museuhistoricosl.com.br\/loja\/wp-json\/wp\/v2\/comments?post=40382"}],"wp:featuredmedia":[{"embeddable":true,"href":"https:\/\/www.museuhistoricosl.com.br\/loja\/wp-json\/wp\/v2\/media\/40381"}],"wp:attachment":[{"href":"https:\/\/www.museuhistoricosl.com.br\/loja\/wp-json\/wp\/v2\/media?parent=40382"}],"wp:term":[{"taxonomy":"product_cat","embeddable":true,"href":"https:\/\/www.museuhistoricosl.com.br\/loja\/wp-json\/wp\/v2\/product_cat?post=40382"},{"taxonomy":"product_tag","embeddable":true,"href":"https:\/\/www.museuhistoricosl.com.br\/loja\/wp-json\/wp\/v2\/product_tag?post=40382"}],"curies":[{"name":"wp","href":"https:\/\/api.w.org\/{rel}","templated":true}]}}