{"id":40374,"date":"2022-01-17T15:21:38","date_gmt":"2022-01-17T18:21:38","guid":{"rendered":"https:\/\/www.museuhistoricosl.com.br\/loja\/produto\/sl002-fd-1506\/"},"modified":"2022-01-17T15:21:38","modified_gmt":"2022-01-17T18:21:38","slug":"sl002-fd-1506","status":"publish","type":"product","link":"https:\/\/www.museuhistoricosl.com.br\/loja\/produto\/sl002-fd-1506\/","title":{"rendered":"SL002-FD-1506"},"content":{"rendered":"<p>Milton Jos\u00e9 Biehl &#8220;Mano&#8221; inaugura\u00e7\u00e3o sala diretoria da CDL &#8211; 03\/06\/85 &#8211;  ao fundo  &#8211; S\u00edlvio Luz &#8211; Clube de Diretores Lojistas  &#8211; n\u00ba16179  &#8211; Cat\u00e1logo anterior: FD 2,506.1; Ind\u00fastria e Com\u00e9rcio; <\/p>\n","protected":false},"excerpt":{"rendered":"<p>Milton Jos\u00e9 Biehl &#8220;Mano&#8221; inaugura\u00e7\u00e3o sala diretoria da CDL &#8211; 03\/06\/85 &#8211; ao fundo &#8211; S\u00edlvio Luz &#8211; Clube de<\/p>\n","protected":false},"featured_media":40373,"comment_status":"open","ping_status":"closed","template":"","meta":{"_acf_changed":false},"product_cat":[97],"product_tag":[],"class_list":["post-40374","product","type-product","status-publish","has-post-thumbnail","hentry","product_cat-industria-e-comercio"],"acf":[],"_links":{"self":[{"href":"https:\/\/www.museuhistoricosl.com.br\/loja\/wp-json\/wp\/v2\/product\/40374","targetHints":{"allow":["GET"]}}],"collection":[{"href":"https:\/\/www.museuhistoricosl.com.br\/loja\/wp-json\/wp\/v2\/product"}],"about":[{"href":"https:\/\/www.museuhistoricosl.com.br\/loja\/wp-json\/wp\/v2\/types\/product"}],"replies":[{"embeddable":true,"href":"https:\/\/www.museuhistoricosl.com.br\/loja\/wp-json\/wp\/v2\/comments?post=40374"}],"wp:featuredmedia":[{"embeddable":true,"href":"https:\/\/www.museuhistoricosl.com.br\/loja\/wp-json\/wp\/v2\/media\/40373"}],"wp:attachment":[{"href":"https:\/\/www.museuhistoricosl.com.br\/loja\/wp-json\/wp\/v2\/media?parent=40374"}],"wp:term":[{"taxonomy":"product_cat","embeddable":true,"href":"https:\/\/www.museuhistoricosl.com.br\/loja\/wp-json\/wp\/v2\/product_cat?post=40374"},{"taxonomy":"product_tag","embeddable":true,"href":"https:\/\/www.museuhistoricosl.com.br\/loja\/wp-json\/wp\/v2\/product_tag?post=40374"}],"curies":[{"name":"wp","href":"https:\/\/api.w.org\/{rel}","templated":true}]}}