{"id":40370,"date":"2022-01-17T15:21:36","date_gmt":"2022-01-17T18:21:36","guid":{"rendered":"https:\/\/www.museuhistoricosl.com.br\/loja\/produto\/sl002-fd-1499\/"},"modified":"2022-01-17T15:21:36","modified_gmt":"2022-01-17T18:21:36","slug":"sl002-fd-1499","status":"publish","type":"product","link":"https:\/\/www.museuhistoricosl.com.br\/loja\/produto\/sl002-fd-1499\/","title":{"rendered":"SL002-FD-1499"},"content":{"rendered":"<p>Trof\u00e9u L\u00edder Empresarial de SL &#8211; Silvino Geremia &#8211; S\u00edlvio Luiz Luiz &#8211; Madelaine Hilbk &#8211; Rossi de Moraes &#8211; 21.03.84 &#8211; 14\/5 &#8211; foto 1 &#8211; ampliar 10% n\u00ba11600 &#8211; Cat\u00e1logo anterior: FD 2,499.1; Ind\u00fastria e Com\u00e9rcio; <\/p>\n","protected":false},"excerpt":{"rendered":"<p>Trof\u00e9u L\u00edder Empresarial de SL &#8211; Silvino Geremia &#8211; S\u00edlvio Luiz Luiz &#8211; Madelaine Hilbk &#8211; Rossi de Moraes &#8211;<\/p>\n","protected":false},"featured_media":40369,"comment_status":"open","ping_status":"closed","template":"","meta":{"_acf_changed":false},"product_cat":[97],"product_tag":[],"class_list":["post-40370","product","type-product","status-publish","has-post-thumbnail","hentry","product_cat-industria-e-comercio"],"acf":[],"_links":{"self":[{"href":"https:\/\/www.museuhistoricosl.com.br\/loja\/wp-json\/wp\/v2\/product\/40370","targetHints":{"allow":["GET"]}}],"collection":[{"href":"https:\/\/www.museuhistoricosl.com.br\/loja\/wp-json\/wp\/v2\/product"}],"about":[{"href":"https:\/\/www.museuhistoricosl.com.br\/loja\/wp-json\/wp\/v2\/types\/product"}],"replies":[{"embeddable":true,"href":"https:\/\/www.museuhistoricosl.com.br\/loja\/wp-json\/wp\/v2\/comments?post=40370"}],"wp:featuredmedia":[{"embeddable":true,"href":"https:\/\/www.museuhistoricosl.com.br\/loja\/wp-json\/wp\/v2\/media\/40369"}],"wp:attachment":[{"href":"https:\/\/www.museuhistoricosl.com.br\/loja\/wp-json\/wp\/v2\/media?parent=40370"}],"wp:term":[{"taxonomy":"product_cat","embeddable":true,"href":"https:\/\/www.museuhistoricosl.com.br\/loja\/wp-json\/wp\/v2\/product_cat?post=40370"},{"taxonomy":"product_tag","embeddable":true,"href":"https:\/\/www.museuhistoricosl.com.br\/loja\/wp-json\/wp\/v2\/product_tag?post=40370"}],"curies":[{"name":"wp","href":"https:\/\/api.w.org\/{rel}","templated":true}]}}