{"id":40358,"date":"2022-01-17T15:21:30","date_gmt":"2022-01-17T18:21:30","guid":{"rendered":"https:\/\/www.museuhistoricosl.com.br\/loja\/produto\/sl002-fd-1484\/"},"modified":"2022-01-17T15:21:30","modified_gmt":"2022-01-17T18:21:30","slug":"sl002-fd-1484","status":"publish","type":"product","link":"https:\/\/www.museuhistoricosl.com.br\/loja\/produto\/sl002-fd-1484\/","title":{"rendered":"SL002-FD-1484"},"content":{"rendered":"<p>Associa\u00e7\u00e3o Comercial e Industrial de SL &#8211; presen\u00e7a de Marcus Pratini de Moraes (jantar) &#8211; 13\/5 &#8211; foto 3 &#8211; 30% n\u00ba12250  &#8211; 12jul 84 &#8211; Cat\u00e1logo anterior: FD 2,484.1; Ind\u00fastria e Com\u00e9rcio; <\/p>\n","protected":false},"excerpt":{"rendered":"<p>Associa\u00e7\u00e3o Comercial e Industrial de SL &#8211; presen\u00e7a de Marcus Pratini de Moraes (jantar) &#8211; 13\/5 &#8211; foto 3 &#8211;<\/p>\n","protected":false},"featured_media":40357,"comment_status":"open","ping_status":"closed","template":"","meta":{"_acf_changed":false},"product_cat":[97],"product_tag":[],"class_list":["post-40358","product","type-product","status-publish","has-post-thumbnail","hentry","product_cat-industria-e-comercio"],"acf":[],"_links":{"self":[{"href":"https:\/\/www.museuhistoricosl.com.br\/loja\/wp-json\/wp\/v2\/product\/40358","targetHints":{"allow":["GET"]}}],"collection":[{"href":"https:\/\/www.museuhistoricosl.com.br\/loja\/wp-json\/wp\/v2\/product"}],"about":[{"href":"https:\/\/www.museuhistoricosl.com.br\/loja\/wp-json\/wp\/v2\/types\/product"}],"replies":[{"embeddable":true,"href":"https:\/\/www.museuhistoricosl.com.br\/loja\/wp-json\/wp\/v2\/comments?post=40358"}],"wp:featuredmedia":[{"embeddable":true,"href":"https:\/\/www.museuhistoricosl.com.br\/loja\/wp-json\/wp\/v2\/media\/40357"}],"wp:attachment":[{"href":"https:\/\/www.museuhistoricosl.com.br\/loja\/wp-json\/wp\/v2\/media?parent=40358"}],"wp:term":[{"taxonomy":"product_cat","embeddable":true,"href":"https:\/\/www.museuhistoricosl.com.br\/loja\/wp-json\/wp\/v2\/product_cat?post=40358"},{"taxonomy":"product_tag","embeddable":true,"href":"https:\/\/www.museuhistoricosl.com.br\/loja\/wp-json\/wp\/v2\/product_tag?post=40358"}],"curies":[{"name":"wp","href":"https:\/\/api.w.org\/{rel}","templated":true}]}}