{"id":40352,"date":"2022-01-17T15:21:28","date_gmt":"2022-01-17T18:21:28","guid":{"rendered":"https:\/\/www.museuhistoricosl.com.br\/loja\/produto\/sl002-fd-1423\/"},"modified":"2022-01-17T15:21:28","modified_gmt":"2022-01-17T18:21:28","slug":"sl002-fd-1423","status":"publish","type":"product","link":"https:\/\/www.museuhistoricosl.com.br\/loja\/produto\/sl002-fd-1423\/","title":{"rendered":"SL002-FD-1423"},"content":{"rendered":"<p>Auri Klein  &#8211; da dir para a esq.: sentada Sr: Arnaldo Prieto &#8211; de p\u00e9:  rep\u00f3rter: Paulo Machado &#8211; Centro: ministro Arnaldo Pietro &#8211; De P\u00e9 rep\u00f3rter: Ribeiro Pires &#8211; Sentada Dr. Juraci Klein &#8211; Cat\u00e1logo anterior: FD 2,423.1; Ind\u00fastria e Com\u00e9rcio; <\/p>\n","protected":false},"excerpt":{"rendered":"<p>Auri Klein &#8211; da dir para a esq.: sentada Sr: Arnaldo Prieto &#8211; de p\u00e9: rep\u00f3rter: Paulo Machado &#8211; Centro:<\/p>\n","protected":false},"featured_media":40351,"comment_status":"open","ping_status":"closed","template":"","meta":{"_acf_changed":false},"product_cat":[97],"product_tag":[],"class_list":["post-40352","product","type-product","status-publish","has-post-thumbnail","hentry","product_cat-industria-e-comercio"],"acf":[],"_links":{"self":[{"href":"https:\/\/www.museuhistoricosl.com.br\/loja\/wp-json\/wp\/v2\/product\/40352","targetHints":{"allow":["GET"]}}],"collection":[{"href":"https:\/\/www.museuhistoricosl.com.br\/loja\/wp-json\/wp\/v2\/product"}],"about":[{"href":"https:\/\/www.museuhistoricosl.com.br\/loja\/wp-json\/wp\/v2\/types\/product"}],"replies":[{"embeddable":true,"href":"https:\/\/www.museuhistoricosl.com.br\/loja\/wp-json\/wp\/v2\/comments?post=40352"}],"wp:featuredmedia":[{"embeddable":true,"href":"https:\/\/www.museuhistoricosl.com.br\/loja\/wp-json\/wp\/v2\/media\/40351"}],"wp:attachment":[{"href":"https:\/\/www.museuhistoricosl.com.br\/loja\/wp-json\/wp\/v2\/media?parent=40352"}],"wp:term":[{"taxonomy":"product_cat","embeddable":true,"href":"https:\/\/www.museuhistoricosl.com.br\/loja\/wp-json\/wp\/v2\/product_cat?post=40352"},{"taxonomy":"product_tag","embeddable":true,"href":"https:\/\/www.museuhistoricosl.com.br\/loja\/wp-json\/wp\/v2\/product_tag?post=40352"}],"curies":[{"name":"wp","href":"https:\/\/api.w.org\/{rel}","templated":true}]}}