{"id":40346,"date":"2022-01-17T15:21:25","date_gmt":"2022-01-17T18:21:25","guid":{"rendered":"https:\/\/www.museuhistoricosl.com.br\/loja\/produto\/sl002-fd-1411\/"},"modified":"2022-01-17T15:21:25","modified_gmt":"2022-01-17T18:21:25","slug":"sl002-fd-1411","status":"publish","type":"product","link":"https:\/\/www.museuhistoricosl.com.br\/loja\/produto\/sl002-fd-1411\/","title":{"rendered":"SL002-FD-1411"},"content":{"rendered":"<p>Cesar Val ente &#8211; Associa\u00e7\u00e3o dos Diplomatas na  Escola Superior de Guerra &#8211; palestra na ACI SL -30.08.82 &#8211; 4\/5-  foto 1 &#8211; ampliar 200% n\u00ba5859 &#8211; Cat\u00e1logo anterior: FD 2,411.1; Ind\u00fastria e Com\u00e9rcio; <\/p>\n","protected":false},"excerpt":{"rendered":"<p>Cesar Val ente &#8211; Associa\u00e7\u00e3o dos Diplomatas na Escola Superior de Guerra &#8211; palestra na ACI SL -30.08.82 &#8211; 4\/5-<\/p>\n","protected":false},"featured_media":40345,"comment_status":"open","ping_status":"closed","template":"","meta":{"_acf_changed":false},"product_cat":[97],"product_tag":[],"class_list":["post-40346","product","type-product","status-publish","has-post-thumbnail","hentry","product_cat-industria-e-comercio"],"acf":[],"_links":{"self":[{"href":"https:\/\/www.museuhistoricosl.com.br\/loja\/wp-json\/wp\/v2\/product\/40346","targetHints":{"allow":["GET"]}}],"collection":[{"href":"https:\/\/www.museuhistoricosl.com.br\/loja\/wp-json\/wp\/v2\/product"}],"about":[{"href":"https:\/\/www.museuhistoricosl.com.br\/loja\/wp-json\/wp\/v2\/types\/product"}],"replies":[{"embeddable":true,"href":"https:\/\/www.museuhistoricosl.com.br\/loja\/wp-json\/wp\/v2\/comments?post=40346"}],"wp:featuredmedia":[{"embeddable":true,"href":"https:\/\/www.museuhistoricosl.com.br\/loja\/wp-json\/wp\/v2\/media\/40345"}],"wp:attachment":[{"href":"https:\/\/www.museuhistoricosl.com.br\/loja\/wp-json\/wp\/v2\/media?parent=40346"}],"wp:term":[{"taxonomy":"product_cat","embeddable":true,"href":"https:\/\/www.museuhistoricosl.com.br\/loja\/wp-json\/wp\/v2\/product_cat?post=40346"},{"taxonomy":"product_tag","embeddable":true,"href":"https:\/\/www.museuhistoricosl.com.br\/loja\/wp-json\/wp\/v2\/product_tag?post=40346"}],"curies":[{"name":"wp","href":"https:\/\/api.w.org\/{rel}","templated":true}]}}