{"id":40344,"date":"2022-01-17T15:21:24","date_gmt":"2022-01-17T18:21:24","guid":{"rendered":"https:\/\/www.museuhistoricosl.com.br\/loja\/produto\/sl002-fd-1410\/"},"modified":"2022-01-17T15:21:24","modified_gmt":"2022-01-17T18:21:24","slug":"sl002-fd-1410","status":"publish","type":"product","link":"https:\/\/www.museuhistoricosl.com.br\/loja\/produto\/sl002-fd-1410\/","title":{"rendered":"SL002-FD-1410"},"content":{"rendered":"<p>Clube  de Diretores Lojistas &#8211; reuni\u00e3o para tratar da participa\u00e7\u00e3o pol\u00edtica das entidades  de classe, e &#8220;s\u00e1bado ingl\u00eas&#8221; &#8211; 3\/5 &#8211; foto 1 &#8211; 28% &#8211; n\u00ba 15105 &#8211; 14 mai85 &#8211; Cat\u00e1logo anterior: FD 2,410.1; Ind\u00fastria e Com\u00e9rcio; <\/p>\n","protected":false},"excerpt":{"rendered":"<p>Clube de Diretores Lojistas &#8211; reuni\u00e3o para tratar da participa\u00e7\u00e3o pol\u00edtica das entidades de classe, e &#8220;s\u00e1bado ingl\u00eas&#8221; &#8211; 3\/5<\/p>\n","protected":false},"featured_media":40343,"comment_status":"open","ping_status":"closed","template":"","meta":{"_acf_changed":false},"product_cat":[97],"product_tag":[],"class_list":["post-40344","product","type-product","status-publish","has-post-thumbnail","hentry","product_cat-industria-e-comercio"],"acf":[],"_links":{"self":[{"href":"https:\/\/www.museuhistoricosl.com.br\/loja\/wp-json\/wp\/v2\/product\/40344","targetHints":{"allow":["GET"]}}],"collection":[{"href":"https:\/\/www.museuhistoricosl.com.br\/loja\/wp-json\/wp\/v2\/product"}],"about":[{"href":"https:\/\/www.museuhistoricosl.com.br\/loja\/wp-json\/wp\/v2\/types\/product"}],"replies":[{"embeddable":true,"href":"https:\/\/www.museuhistoricosl.com.br\/loja\/wp-json\/wp\/v2\/comments?post=40344"}],"wp:featuredmedia":[{"embeddable":true,"href":"https:\/\/www.museuhistoricosl.com.br\/loja\/wp-json\/wp\/v2\/media\/40343"}],"wp:attachment":[{"href":"https:\/\/www.museuhistoricosl.com.br\/loja\/wp-json\/wp\/v2\/media?parent=40344"}],"wp:term":[{"taxonomy":"product_cat","embeddable":true,"href":"https:\/\/www.museuhistoricosl.com.br\/loja\/wp-json\/wp\/v2\/product_cat?post=40344"},{"taxonomy":"product_tag","embeddable":true,"href":"https:\/\/www.museuhistoricosl.com.br\/loja\/wp-json\/wp\/v2\/product_tag?post=40344"}],"curies":[{"name":"wp","href":"https:\/\/api.w.org\/{rel}","templated":true}]}}