{"id":40342,"date":"2022-01-17T15:21:23","date_gmt":"2022-01-17T18:21:23","guid":{"rendered":"https:\/\/www.museuhistoricosl.com.br\/loja\/produto\/sl002-fd-1407\/"},"modified":"2022-01-17T15:21:23","modified_gmt":"2022-01-17T18:21:23","slug":"sl002-fd-1407","status":"publish","type":"product","link":"https:\/\/www.museuhistoricosl.com.br\/loja\/produto\/sl002-fd-1407\/","title":{"rendered":"SL002-FD-1407"},"content":{"rendered":"<p>Setembro de 85 &#8211; reuni\u00e3o almo\u00e7o  da ACISL &#8211; presen\u00e7a de Salzano Viera da Cunha &#8211; 3\/3 foto 3 &#8211; 24% &#8211; n\u00ba16526 &#8211; Cat\u00e1logo anterior: FD 2,407.1; Ind\u00fastria e Com\u00e9rcio; <\/p>\n","protected":false},"excerpt":{"rendered":"<p>Setembro de 85 &#8211; reuni\u00e3o almo\u00e7o da ACISL &#8211; presen\u00e7a de Salzano Viera da Cunha &#8211; 3\/3 foto 3 &#8211;<\/p>\n","protected":false},"featured_media":40341,"comment_status":"open","ping_status":"closed","template":"","meta":{"_acf_changed":false},"product_cat":[97],"product_tag":[],"class_list":["post-40342","product","type-product","status-publish","has-post-thumbnail","hentry","product_cat-industria-e-comercio"],"acf":[],"_links":{"self":[{"href":"https:\/\/www.museuhistoricosl.com.br\/loja\/wp-json\/wp\/v2\/product\/40342","targetHints":{"allow":["GET"]}}],"collection":[{"href":"https:\/\/www.museuhistoricosl.com.br\/loja\/wp-json\/wp\/v2\/product"}],"about":[{"href":"https:\/\/www.museuhistoricosl.com.br\/loja\/wp-json\/wp\/v2\/types\/product"}],"replies":[{"embeddable":true,"href":"https:\/\/www.museuhistoricosl.com.br\/loja\/wp-json\/wp\/v2\/comments?post=40342"}],"wp:featuredmedia":[{"embeddable":true,"href":"https:\/\/www.museuhistoricosl.com.br\/loja\/wp-json\/wp\/v2\/media\/40341"}],"wp:attachment":[{"href":"https:\/\/www.museuhistoricosl.com.br\/loja\/wp-json\/wp\/v2\/media?parent=40342"}],"wp:term":[{"taxonomy":"product_cat","embeddable":true,"href":"https:\/\/www.museuhistoricosl.com.br\/loja\/wp-json\/wp\/v2\/product_cat?post=40342"},{"taxonomy":"product_tag","embeddable":true,"href":"https:\/\/www.museuhistoricosl.com.br\/loja\/wp-json\/wp\/v2\/product_tag?post=40342"}],"curies":[{"name":"wp","href":"https:\/\/api.w.org\/{rel}","templated":true}]}}