{"id":40190,"date":"2022-01-17T15:19:42","date_gmt":"2022-01-17T18:19:42","guid":{"rendered":"https:\/\/www.museuhistoricosl.com.br\/loja\/produto\/sl002-fd-1027\/"},"modified":"2022-01-17T15:19:42","modified_gmt":"2022-01-17T18:19:42","slug":"sl002-fd-1027","status":"publish","type":"product","link":"https:\/\/www.museuhistoricosl.com.br\/loja\/produto\/sl002-fd-1027\/","title":{"rendered":"SL002-FD-1027"},"content":{"rendered":"<p>Assembl\u00e9ia dos a\u00e7ougueiros &#8211; Movimento de paralisa\u00e7\u00e3o. 2\/12\/1986. Foto Daniel Conzi. Sal\u00e3o nobre da prefeitura &#8211; Cat\u00e1logo anterior: FD 2,27.1 ; Ind\u00fastria e Com\u00e9rcio; <\/p>\n","protected":false},"excerpt":{"rendered":"<p>Assembl\u00e9ia dos a\u00e7ougueiros &#8211; Movimento de paralisa\u00e7\u00e3o. 2\/12\/1986. Foto Daniel Conzi. Sal\u00e3o nobre da prefeitura &#8211; Cat\u00e1logo anterior: FD 2,27.1<\/p>\n","protected":false},"featured_media":40189,"comment_status":"open","ping_status":"closed","template":"","meta":{"_acf_changed":false},"product_cat":[97],"product_tag":[],"class_list":["post-40190","product","type-product","status-publish","has-post-thumbnail","hentry","product_cat-industria-e-comercio"],"acf":[],"_links":{"self":[{"href":"https:\/\/www.museuhistoricosl.com.br\/loja\/wp-json\/wp\/v2\/product\/40190","targetHints":{"allow":["GET"]}}],"collection":[{"href":"https:\/\/www.museuhistoricosl.com.br\/loja\/wp-json\/wp\/v2\/product"}],"about":[{"href":"https:\/\/www.museuhistoricosl.com.br\/loja\/wp-json\/wp\/v2\/types\/product"}],"replies":[{"embeddable":true,"href":"https:\/\/www.museuhistoricosl.com.br\/loja\/wp-json\/wp\/v2\/comments?post=40190"}],"wp:featuredmedia":[{"embeddable":true,"href":"https:\/\/www.museuhistoricosl.com.br\/loja\/wp-json\/wp\/v2\/media\/40189"}],"wp:attachment":[{"href":"https:\/\/www.museuhistoricosl.com.br\/loja\/wp-json\/wp\/v2\/media?parent=40190"}],"wp:term":[{"taxonomy":"product_cat","embeddable":true,"href":"https:\/\/www.museuhistoricosl.com.br\/loja\/wp-json\/wp\/v2\/product_cat?post=40190"},{"taxonomy":"product_tag","embeddable":true,"href":"https:\/\/www.museuhistoricosl.com.br\/loja\/wp-json\/wp\/v2\/product_tag?post=40190"}],"curies":[{"name":"wp","href":"https:\/\/api.w.org\/{rel}","templated":true}]}}