{"id":40180,"date":"2022-01-17T15:19:35","date_gmt":"2022-01-17T18:19:35","guid":{"rendered":"https:\/\/www.museuhistoricosl.com.br\/loja\/produto\/sl002-fd-1015\/"},"modified":"2022-01-17T15:19:35","modified_gmt":"2022-01-17T18:19:35","slug":"sl002-fd-1015","status":"publish","type":"product","link":"https:\/\/www.museuhistoricosl.com.br\/loja\/produto\/sl002-fd-1015\/","title":{"rendered":"SL002-FD-1015"},"content":{"rendered":"<p>Na avenida Mau\u00e1, junto aos trilhos, est\u00e3o os \u00faltimos vest\u00edgios da F\u00e1brica de F\u00f3sforos Colombo e Duelo, da Companhia Geral das Ind\u00fastrias, em SL. Hoje todo o complexo da f\u00e1brica pertence \u00e0 CEEE, onde funciona a regional leste &#8211; CROM Leste. No pavilh\u00e3o, ao centro, de material, ainda est\u00e3o os nomes dos f\u00f3sforos como se pode ver em outra foto dele. Foto Winter 7\/2\/1986. &#8211; Cat\u00e1logo anterior: FD 2,15.1 ; Ind\u00fastria e Com\u00e9rcio; <\/p>\n","protected":false},"excerpt":{"rendered":"<p>Na avenida Mau\u00e1, junto aos trilhos, est\u00e3o os \u00faltimos vest\u00edgios da F\u00e1brica de F\u00f3sforos Colombo e Duelo, da Companhia Geral<\/p>\n","protected":false},"featured_media":40179,"comment_status":"open","ping_status":"closed","template":"","meta":{"_acf_changed":false},"product_cat":[97],"product_tag":[],"class_list":["post-40180","product","type-product","status-publish","has-post-thumbnail","hentry","product_cat-industria-e-comercio"],"acf":[],"_links":{"self":[{"href":"https:\/\/www.museuhistoricosl.com.br\/loja\/wp-json\/wp\/v2\/product\/40180","targetHints":{"allow":["GET"]}}],"collection":[{"href":"https:\/\/www.museuhistoricosl.com.br\/loja\/wp-json\/wp\/v2\/product"}],"about":[{"href":"https:\/\/www.museuhistoricosl.com.br\/loja\/wp-json\/wp\/v2\/types\/product"}],"replies":[{"embeddable":true,"href":"https:\/\/www.museuhistoricosl.com.br\/loja\/wp-json\/wp\/v2\/comments?post=40180"}],"wp:featuredmedia":[{"embeddable":true,"href":"https:\/\/www.museuhistoricosl.com.br\/loja\/wp-json\/wp\/v2\/media\/40179"}],"wp:attachment":[{"href":"https:\/\/www.museuhistoricosl.com.br\/loja\/wp-json\/wp\/v2\/media?parent=40180"}],"wp:term":[{"taxonomy":"product_cat","embeddable":true,"href":"https:\/\/www.museuhistoricosl.com.br\/loja\/wp-json\/wp\/v2\/product_cat?post=40180"},{"taxonomy":"product_tag","embeddable":true,"href":"https:\/\/www.museuhistoricosl.com.br\/loja\/wp-json\/wp\/v2\/product_tag?post=40180"}],"curies":[{"name":"wp","href":"https:\/\/api.w.org\/{rel}","templated":true}]}}