{"id":40162,"date":"2022-01-17T15:19:27","date_gmt":"2022-01-17T18:19:27","guid":{"rendered":"https:\/\/www.museuhistoricosl.com.br\/loja\/produto\/sl002-fd-0620\/"},"modified":"2022-01-17T15:19:27","modified_gmt":"2022-01-17T18:19:27","slug":"sl002-fd-0620","status":"publish","type":"product","link":"https:\/\/www.museuhistoricosl.com.br\/loja\/produto\/sl002-fd-0620\/","title":{"rendered":"SL002-FD-0620"},"content":{"rendered":"<p>Foto dos empregados e dirigentes da F\u00e1brica de Cal\u00e7ados de Adolfo Bercht &#038; Cia, feita em 25 deoutubro de 1918, Dia de S\u00e3o Crispim, padroeiro dos sapateiros (hoje \u00e9 a F\u00e1brica de Cal\u00e7ados Vit\u00f3ria, rua S\u00e3o Joaquim esq. J.N. Fontoura). Banda de m\u00fasica: Leopoldo Vieira &#8211; maestro e dirigente, da esq. para direita: 1\u00aa fila: menino: filho de Adolfo Bercht ( o dono da f\u00e1brica), Guilhermina G\u00fcntzel (miinchen), Irma Bier (filha adotiva de Guilhermina Bier), Erna Martins (casada Dickel), Julieta Rothmann, Florisbela Lima, Verena eschberger (casada Mercker), Elvira Klein (casada Rothmann)Erena Dietrich, Elly Bier, Loni Panitz (casada Santos), Irma Schiel (casada Moehleche, m\u00e3e de Germano Oscar), Olivia Moraes, Maria Eschberger (casada Dick, m\u00e3e de Nelson Dick), Olga Groth (casada Hass, m\u00e3e de Claudio Hass), Mo\u00e7as em p\u00e9: esq. para direita: Rosalina Purper (casada Ruff), Otilia Jacques, Otilia Purper, Homens 1\u00aa fila, esq. para direita:Nen\u00ea Schmidt (tinha armaz\u00e9m e bomba de gasolina na Independ\u00eancia equina L. Collor, hoje Edificio Justo), Bruno Bercht (de picareta), Oscar Wild, Alfredo Daudt, Adolfo Bercht (de chap\u00e9u c\u00f4co, dono da f\u00e1brica), Kowatz (pai de Latsi e Beti), Carlos Rothmann , Rodrigues, Leopoldo Dick (pai de Nelson Dick), Afonso Stumpf, Jo\u00e3o Daut (irm\u00e3o de d.Mathilde Soares, da f\u00e1brica de bolasde bol\u00e3o), Afolso Cunha, Homens 2\u00aa fila, esq. para direita: Jorge Bier, Reinaldo Ritzel, &#8230; Spindler, &#8230; Spindler, Magnus Spindler, &#8230;, &#8230;, Armindo Veeck, &#8230;, &#8230;, &#8230;, &#8230;, &#8230;, &#8230;, &#8230;,  Homens, \u00faltima fila, esq. para dir.: Oscar Gaelzer, Oscar Bakus, Pedro Groth, Justino Epif\u00e2nio (Pefanha?), Arnaldo Bier (Buwi), &#8230; Epif\u00e2nio (Pefanha?), Edagar Rothmann, Jos\u00e9 Ludqig, Mathias Ludwig, &#8230;; Ind\u00fastria e Com\u00e9rcio; <\/p>\n","protected":false},"excerpt":{"rendered":"<p>Foto dos empregados e dirigentes da F\u00e1brica de Cal\u00e7ados de Adolfo Bercht &#038; Cia, feita em 25 deoutubro de 1918,<\/p>\n","protected":false},"featured_media":40161,"comment_status":"open","ping_status":"closed","template":"","meta":{"_acf_changed":false},"product_cat":[97],"product_tag":[],"class_list":["post-40162","product","type-product","status-publish","has-post-thumbnail","hentry","product_cat-industria-e-comercio"],"acf":[],"_links":{"self":[{"href":"https:\/\/www.museuhistoricosl.com.br\/loja\/wp-json\/wp\/v2\/product\/40162","targetHints":{"allow":["GET"]}}],"collection":[{"href":"https:\/\/www.museuhistoricosl.com.br\/loja\/wp-json\/wp\/v2\/product"}],"about":[{"href":"https:\/\/www.museuhistoricosl.com.br\/loja\/wp-json\/wp\/v2\/types\/product"}],"replies":[{"embeddable":true,"href":"https:\/\/www.museuhistoricosl.com.br\/loja\/wp-json\/wp\/v2\/comments?post=40162"}],"wp:featuredmedia":[{"embeddable":true,"href":"https:\/\/www.museuhistoricosl.com.br\/loja\/wp-json\/wp\/v2\/media\/40161"}],"wp:attachment":[{"href":"https:\/\/www.museuhistoricosl.com.br\/loja\/wp-json\/wp\/v2\/media?parent=40162"}],"wp:term":[{"taxonomy":"product_cat","embeddable":true,"href":"https:\/\/www.museuhistoricosl.com.br\/loja\/wp-json\/wp\/v2\/product_cat?post=40162"},{"taxonomy":"product_tag","embeddable":true,"href":"https:\/\/www.museuhistoricosl.com.br\/loja\/wp-json\/wp\/v2\/product_tag?post=40162"}],"curies":[{"name":"wp","href":"https:\/\/api.w.org\/{rel}","templated":true}]}}