{"id":40156,"date":"2022-01-17T15:19:24","date_gmt":"2022-01-17T18:19:24","guid":{"rendered":"https:\/\/www.museuhistoricosl.com.br\/loja\/produto\/sl002-fd-0617\/"},"modified":"2022-01-17T15:19:24","modified_gmt":"2022-01-17T18:19:24","slug":"sl002-fd-0617","status":"publish","type":"product","link":"https:\/\/www.museuhistoricosl.com.br\/loja\/produto\/sl002-fd-0617\/","title":{"rendered":"SL002-FD-0617"},"content":{"rendered":"<p>Clube de Diretores Lojistas, Rua Independ\u00eancia, 494, S\u00e3o Leopoldo, Da esquerda p\/direita: Carmelita Yvog &#8211; Casa Mena, Emilio M\u00fcller e Erna M\u00fcller &#8211; Emilio M\u00fcller, Arno Mohr &#8211; Arno Mohr, Helena e Arno Valringer &#8211; Germano Lang, Alvina e Leonel Nih &#8211; Casa das Meias, Lydia Seuter Valringer &#8211; Yval e Geria Sauter; Ind\u00fastria e Com\u00e9rcio; <\/p>\n","protected":false},"excerpt":{"rendered":"<p>Clube de Diretores Lojistas, Rua Independ\u00eancia, 494, S\u00e3o Leopoldo, Da esquerda p\/direita: Carmelita Yvog &#8211; Casa Mena, Emilio M\u00fcller e<\/p>\n","protected":false},"featured_media":40155,"comment_status":"open","ping_status":"closed","template":"","meta":{"_acf_changed":false},"product_cat":[97],"product_tag":[],"class_list":["post-40156","product","type-product","status-publish","has-post-thumbnail","hentry","product_cat-industria-e-comercio"],"acf":[],"_links":{"self":[{"href":"https:\/\/www.museuhistoricosl.com.br\/loja\/wp-json\/wp\/v2\/product\/40156","targetHints":{"allow":["GET"]}}],"collection":[{"href":"https:\/\/www.museuhistoricosl.com.br\/loja\/wp-json\/wp\/v2\/product"}],"about":[{"href":"https:\/\/www.museuhistoricosl.com.br\/loja\/wp-json\/wp\/v2\/types\/product"}],"replies":[{"embeddable":true,"href":"https:\/\/www.museuhistoricosl.com.br\/loja\/wp-json\/wp\/v2\/comments?post=40156"}],"wp:featuredmedia":[{"embeddable":true,"href":"https:\/\/www.museuhistoricosl.com.br\/loja\/wp-json\/wp\/v2\/media\/40155"}],"wp:attachment":[{"href":"https:\/\/www.museuhistoricosl.com.br\/loja\/wp-json\/wp\/v2\/media?parent=40156"}],"wp:term":[{"taxonomy":"product_cat","embeddable":true,"href":"https:\/\/www.museuhistoricosl.com.br\/loja\/wp-json\/wp\/v2\/product_cat?post=40156"},{"taxonomy":"product_tag","embeddable":true,"href":"https:\/\/www.museuhistoricosl.com.br\/loja\/wp-json\/wp\/v2\/product_tag?post=40156"}],"curies":[{"name":"wp","href":"https:\/\/api.w.org\/{rel}","templated":true}]}}