{"id":40080,"date":"2022-01-17T15:18:31","date_gmt":"2022-01-17T18:18:31","guid":{"rendered":"https:\/\/www.museuhistoricosl.com.br\/loja\/produto\/sl002-fd-0576\/"},"modified":"2022-01-17T15:18:31","modified_gmt":"2022-01-17T18:18:31","slug":"sl002-fd-0576","status":"publish","type":"product","link":"https:\/\/www.museuhistoricosl.com.br\/loja\/produto\/sl002-fd-0576\/","title":{"rendered":"SL002-FD-0576"},"content":{"rendered":"<p>Casa Mena &#8211;  Promo\u00e7\u00f5es  de Natal &#8211; 05.11.87 &#8211; n\u00ba23497 &#8211; 8AB &#8211; foto 1 &#8211; natural &#8211; Cat\u00e1logo anterior: FD 2,576; Ind\u00fastria e Com\u00e9rcio; <\/p>\n","protected":false},"excerpt":{"rendered":"<p>Casa Mena &#8211; Promo\u00e7\u00f5es de Natal &#8211; 05.11.87 &#8211; n\u00ba23497 &#8211; 8AB &#8211; foto 1 &#8211; natural &#8211; Cat\u00e1logo anterior:<\/p>\n","protected":false},"featured_media":40079,"comment_status":"open","ping_status":"closed","template":"","meta":{"_acf_changed":false},"product_cat":[97],"product_tag":[],"class_list":["post-40080","product","type-product","status-publish","has-post-thumbnail","hentry","product_cat-industria-e-comercio"],"acf":[],"_links":{"self":[{"href":"https:\/\/www.museuhistoricosl.com.br\/loja\/wp-json\/wp\/v2\/product\/40080","targetHints":{"allow":["GET"]}}],"collection":[{"href":"https:\/\/www.museuhistoricosl.com.br\/loja\/wp-json\/wp\/v2\/product"}],"about":[{"href":"https:\/\/www.museuhistoricosl.com.br\/loja\/wp-json\/wp\/v2\/types\/product"}],"replies":[{"embeddable":true,"href":"https:\/\/www.museuhistoricosl.com.br\/loja\/wp-json\/wp\/v2\/comments?post=40080"}],"wp:featuredmedia":[{"embeddable":true,"href":"https:\/\/www.museuhistoricosl.com.br\/loja\/wp-json\/wp\/v2\/media\/40079"}],"wp:attachment":[{"href":"https:\/\/www.museuhistoricosl.com.br\/loja\/wp-json\/wp\/v2\/media?parent=40080"}],"wp:term":[{"taxonomy":"product_cat","embeddable":true,"href":"https:\/\/www.museuhistoricosl.com.br\/loja\/wp-json\/wp\/v2\/product_cat?post=40080"},{"taxonomy":"product_tag","embeddable":true,"href":"https:\/\/www.museuhistoricosl.com.br\/loja\/wp-json\/wp\/v2\/product_tag?post=40080"}],"curies":[{"name":"wp","href":"https:\/\/api.w.org\/{rel}","templated":true}]}}