{"id":40018,"date":"2022-01-17T15:17:37","date_gmt":"2022-01-17T18:17:37","guid":{"rendered":"https:\/\/www.museuhistoricosl.com.br\/loja\/produto\/sl002-fd-0545\/"},"modified":"2022-01-17T15:17:37","modified_gmt":"2022-01-17T18:17:37","slug":"sl002-fd-0545","status":"publish","type":"product","link":"https:\/\/www.museuhistoricosl.com.br\/loja\/produto\/sl002-fd-0545\/","title":{"rendered":"SL002-FD-0545"},"content":{"rendered":"<p>Festa de Low Jo\u00e3o na Anocial dos Funcion\u00e1rios da Gedore &#8211; 26.6.82 &#8211; Associa\u00e7\u00e3o dos Funcion\u00e1rios da Gedore &#8211; festa Junina (2.7.82) n\u00ba5319 &#8211; Cat\u00e1logo anterior: FD 2,545; Ind\u00fastria e Com\u00e9rcio; <\/p>\n","protected":false},"excerpt":{"rendered":"<p>Festa de Low Jo\u00e3o na Anocial dos Funcion\u00e1rios da Gedore &#8211; 26.6.82 &#8211; Associa\u00e7\u00e3o dos Funcion\u00e1rios da Gedore &#8211; festa<\/p>\n","protected":false},"featured_media":40017,"comment_status":"open","ping_status":"closed","template":"","meta":{"_acf_changed":false},"product_cat":[97],"product_tag":[],"class_list":["post-40018","product","type-product","status-publish","has-post-thumbnail","hentry","product_cat-industria-e-comercio"],"acf":[],"_links":{"self":[{"href":"https:\/\/www.museuhistoricosl.com.br\/loja\/wp-json\/wp\/v2\/product\/40018","targetHints":{"allow":["GET"]}}],"collection":[{"href":"https:\/\/www.museuhistoricosl.com.br\/loja\/wp-json\/wp\/v2\/product"}],"about":[{"href":"https:\/\/www.museuhistoricosl.com.br\/loja\/wp-json\/wp\/v2\/types\/product"}],"replies":[{"embeddable":true,"href":"https:\/\/www.museuhistoricosl.com.br\/loja\/wp-json\/wp\/v2\/comments?post=40018"}],"wp:featuredmedia":[{"embeddable":true,"href":"https:\/\/www.museuhistoricosl.com.br\/loja\/wp-json\/wp\/v2\/media\/40017"}],"wp:attachment":[{"href":"https:\/\/www.museuhistoricosl.com.br\/loja\/wp-json\/wp\/v2\/media?parent=40018"}],"wp:term":[{"taxonomy":"product_cat","embeddable":true,"href":"https:\/\/www.museuhistoricosl.com.br\/loja\/wp-json\/wp\/v2\/product_cat?post=40018"},{"taxonomy":"product_tag","embeddable":true,"href":"https:\/\/www.museuhistoricosl.com.br\/loja\/wp-json\/wp\/v2\/product_tag?post=40018"}],"curies":[{"name":"wp","href":"https:\/\/api.w.org\/{rel}","templated":true}]}}