{"id":40012,"date":"2022-01-17T15:17:28","date_gmt":"2022-01-17T18:17:28","guid":{"rendered":"https:\/\/www.museuhistoricosl.com.br\/loja\/produto\/sl002-fd-0542\/"},"modified":"2022-01-17T15:17:28","modified_gmt":"2022-01-17T18:17:28","slug":"sl002-fd-0542","status":"publish","type":"product","link":"https:\/\/www.museuhistoricosl.com.br\/loja\/produto\/sl002-fd-0542\/","title":{"rendered":"SL002-FD-0542"},"content":{"rendered":"<p>Ferramentas Gedore S.A &#8211; Lan\u00e7amento do novo cat\u00e1logo  &#8211; Hotel Everest Porto Alegre &#8211; n\u00ba1499 &#8211; 31.08.79 &#8211; 19\/5 &#8211; 24% &#8211; foto 3 &#8211;  &#8211; Cat\u00e1logo anterior: FD 2,542; Ind\u00fastria e Com\u00e9rcio; <\/p>\n","protected":false},"excerpt":{"rendered":"<p>Ferramentas Gedore S.A &#8211; Lan\u00e7amento do novo cat\u00e1logo &#8211; Hotel Everest Porto Alegre &#8211; n\u00ba1499 &#8211; 31.08.79 &#8211; 19\/5 &#8211;<\/p>\n","protected":false},"featured_media":40011,"comment_status":"open","ping_status":"closed","template":"","meta":{"_acf_changed":false},"product_cat":[97],"product_tag":[],"class_list":["post-40012","product","type-product","status-publish","has-post-thumbnail","hentry","product_cat-industria-e-comercio"],"acf":[],"_links":{"self":[{"href":"https:\/\/www.museuhistoricosl.com.br\/loja\/wp-json\/wp\/v2\/product\/40012","targetHints":{"allow":["GET"]}}],"collection":[{"href":"https:\/\/www.museuhistoricosl.com.br\/loja\/wp-json\/wp\/v2\/product"}],"about":[{"href":"https:\/\/www.museuhistoricosl.com.br\/loja\/wp-json\/wp\/v2\/types\/product"}],"replies":[{"embeddable":true,"href":"https:\/\/www.museuhistoricosl.com.br\/loja\/wp-json\/wp\/v2\/comments?post=40012"}],"wp:featuredmedia":[{"embeddable":true,"href":"https:\/\/www.museuhistoricosl.com.br\/loja\/wp-json\/wp\/v2\/media\/40011"}],"wp:attachment":[{"href":"https:\/\/www.museuhistoricosl.com.br\/loja\/wp-json\/wp\/v2\/media?parent=40012"}],"wp:term":[{"taxonomy":"product_cat","embeddable":true,"href":"https:\/\/www.museuhistoricosl.com.br\/loja\/wp-json\/wp\/v2\/product_cat?post=40012"},{"taxonomy":"product_tag","embeddable":true,"href":"https:\/\/www.museuhistoricosl.com.br\/loja\/wp-json\/wp\/v2\/product_tag?post=40012"}],"curies":[{"name":"wp","href":"https:\/\/api.w.org\/{rel}","templated":true}]}}