{"id":39988,"date":"2022-01-17T15:17:15","date_gmt":"2022-01-17T18:17:15","guid":{"rendered":"https:\/\/www.museuhistoricosl.com.br\/loja\/produto\/sl002-fd-0530\/"},"modified":"2022-01-17T15:17:15","modified_gmt":"2022-01-17T18:17:15","slug":"sl002-fd-0530","status":"publish","type":"product","link":"https:\/\/www.museuhistoricosl.com.br\/loja\/produto\/sl002-fd-0530\/","title":{"rendered":"SL002-FD-0530"},"content":{"rendered":"<p>Comercial Giering S A &#8211; Verno Stelzer (diretor) cumprimenta Luiz Gustavo da Silva  por ganhar moto em cons\u00f3rcio &#8211; 9\/5 &#8211; foto 1 &#8211; 24% n\u00ba16730 &#8211; 11 Dez 85 &#8211; Cat\u00e1logo anterior: FD 2,530; Ind\u00fastria e Com\u00e9rcio; <\/p>\n","protected":false},"excerpt":{"rendered":"<p>Comercial Giering S A &#8211; Verno Stelzer (diretor) cumprimenta Luiz Gustavo da Silva por ganhar moto em cons\u00f3rcio &#8211; 9\/5<\/p>\n","protected":false},"featured_media":39987,"comment_status":"open","ping_status":"closed","template":"","meta":{"_acf_changed":false},"product_cat":[97],"product_tag":[],"class_list":["post-39988","product","type-product","status-publish","has-post-thumbnail","hentry","product_cat-industria-e-comercio"],"acf":[],"_links":{"self":[{"href":"https:\/\/www.museuhistoricosl.com.br\/loja\/wp-json\/wp\/v2\/product\/39988","targetHints":{"allow":["GET"]}}],"collection":[{"href":"https:\/\/www.museuhistoricosl.com.br\/loja\/wp-json\/wp\/v2\/product"}],"about":[{"href":"https:\/\/www.museuhistoricosl.com.br\/loja\/wp-json\/wp\/v2\/types\/product"}],"replies":[{"embeddable":true,"href":"https:\/\/www.museuhistoricosl.com.br\/loja\/wp-json\/wp\/v2\/comments?post=39988"}],"wp:featuredmedia":[{"embeddable":true,"href":"https:\/\/www.museuhistoricosl.com.br\/loja\/wp-json\/wp\/v2\/media\/39987"}],"wp:attachment":[{"href":"https:\/\/www.museuhistoricosl.com.br\/loja\/wp-json\/wp\/v2\/media?parent=39988"}],"wp:term":[{"taxonomy":"product_cat","embeddable":true,"href":"https:\/\/www.museuhistoricosl.com.br\/loja\/wp-json\/wp\/v2\/product_cat?post=39988"},{"taxonomy":"product_tag","embeddable":true,"href":"https:\/\/www.museuhistoricosl.com.br\/loja\/wp-json\/wp\/v2\/product_tag?post=39988"}],"curies":[{"name":"wp","href":"https:\/\/api.w.org\/{rel}","templated":true}]}}