{"id":39936,"date":"2022-01-17T15:16:45","date_gmt":"2022-01-17T18:16:45","guid":{"rendered":"https:\/\/www.museuhistoricosl.com.br\/loja\/produto\/sl002-fd-0504\/"},"modified":"2022-01-17T15:16:45","modified_gmt":"2022-01-17T18:16:45","slug":"sl002-fd-0504","status":"publish","type":"product","link":"https:\/\/www.museuhistoricosl.com.br\/loja\/produto\/sl002-fd-0504\/","title":{"rendered":"SL002-FD-0504"},"content":{"rendered":"<p>Pr\u00eamio de Distin\u00e7\u00e3o Ind\u00fastria 84 &#8211; pessoas presentes na entrega  &#8211; 5\/5 &#8211; foto 4 &#8211; ampliar 10% n\u00ba11735 &#8211; 27 mai 84 &#8211; Cat\u00e1logo anterior: FD 2,504; Ind\u00fastria e Com\u00e9rcio; <\/p>\n","protected":false},"excerpt":{"rendered":"<p>Pr\u00eamio de Distin\u00e7\u00e3o Ind\u00fastria 84 &#8211; pessoas presentes na entrega &#8211; 5\/5 &#8211; foto 4 &#8211; ampliar 10% n\u00ba11735 &#8211;<\/p>\n","protected":false},"featured_media":39935,"comment_status":"open","ping_status":"closed","template":"","meta":{"_acf_changed":false},"product_cat":[97],"product_tag":[],"class_list":["post-39936","product","type-product","status-publish","has-post-thumbnail","hentry","product_cat-industria-e-comercio"],"acf":[],"_links":{"self":[{"href":"https:\/\/www.museuhistoricosl.com.br\/loja\/wp-json\/wp\/v2\/product\/39936","targetHints":{"allow":["GET"]}}],"collection":[{"href":"https:\/\/www.museuhistoricosl.com.br\/loja\/wp-json\/wp\/v2\/product"}],"about":[{"href":"https:\/\/www.museuhistoricosl.com.br\/loja\/wp-json\/wp\/v2\/types\/product"}],"replies":[{"embeddable":true,"href":"https:\/\/www.museuhistoricosl.com.br\/loja\/wp-json\/wp\/v2\/comments?post=39936"}],"wp:featuredmedia":[{"embeddable":true,"href":"https:\/\/www.museuhistoricosl.com.br\/loja\/wp-json\/wp\/v2\/media\/39935"}],"wp:attachment":[{"href":"https:\/\/www.museuhistoricosl.com.br\/loja\/wp-json\/wp\/v2\/media?parent=39936"}],"wp:term":[{"taxonomy":"product_cat","embeddable":true,"href":"https:\/\/www.museuhistoricosl.com.br\/loja\/wp-json\/wp\/v2\/product_cat?post=39936"},{"taxonomy":"product_tag","embeddable":true,"href":"https:\/\/www.museuhistoricosl.com.br\/loja\/wp-json\/wp\/v2\/product_tag?post=39936"}],"curies":[{"name":"wp","href":"https:\/\/api.w.org\/{rel}","templated":true}]}}