{"id":39930,"date":"2022-01-17T15:16:41","date_gmt":"2022-01-17T18:16:41","guid":{"rendered":"https:\/\/www.museuhistoricosl.com.br\/loja\/produto\/sl002-fd-0501\/"},"modified":"2022-01-17T15:16:41","modified_gmt":"2022-01-17T18:16:41","slug":"sl002-fd-0501","status":"publish","type":"product","link":"https:\/\/www.museuhistoricosl.com.br\/loja\/produto\/sl002-fd-0501\/","title":{"rendered":"SL002-FD-0501"},"content":{"rendered":"<p>Trof\u00e9u L\u00edder empresarial  de SL  &#8211; 19.04.84 &#8211; S\u00edlvio Luiz Luz &#8211; \u00c9lio Eul\u00e1lio Grisa &#8211; 4\/5 &#8211; foto 2 &#8211; ampliar 10% n\u00ba11599 &#8211; Cat\u00e1logo anterior: FD 2,501; Ind\u00fastria e Com\u00e9rcio; <\/p>\n","protected":false},"excerpt":{"rendered":"<p>Trof\u00e9u L\u00edder empresarial de SL &#8211; 19.04.84 &#8211; S\u00edlvio Luiz Luz &#8211; \u00c9lio Eul\u00e1lio Grisa &#8211; 4\/5 &#8211; foto 2<\/p>\n","protected":false},"featured_media":39929,"comment_status":"open","ping_status":"closed","template":"","meta":{"_acf_changed":false},"product_cat":[97],"product_tag":[],"class_list":["post-39930","product","type-product","status-publish","has-post-thumbnail","hentry","product_cat-industria-e-comercio"],"acf":[],"_links":{"self":[{"href":"https:\/\/www.museuhistoricosl.com.br\/loja\/wp-json\/wp\/v2\/product\/39930","targetHints":{"allow":["GET"]}}],"collection":[{"href":"https:\/\/www.museuhistoricosl.com.br\/loja\/wp-json\/wp\/v2\/product"}],"about":[{"href":"https:\/\/www.museuhistoricosl.com.br\/loja\/wp-json\/wp\/v2\/types\/product"}],"replies":[{"embeddable":true,"href":"https:\/\/www.museuhistoricosl.com.br\/loja\/wp-json\/wp\/v2\/comments?post=39930"}],"wp:featuredmedia":[{"embeddable":true,"href":"https:\/\/www.museuhistoricosl.com.br\/loja\/wp-json\/wp\/v2\/media\/39929"}],"wp:attachment":[{"href":"https:\/\/www.museuhistoricosl.com.br\/loja\/wp-json\/wp\/v2\/media?parent=39930"}],"wp:term":[{"taxonomy":"product_cat","embeddable":true,"href":"https:\/\/www.museuhistoricosl.com.br\/loja\/wp-json\/wp\/v2\/product_cat?post=39930"},{"taxonomy":"product_tag","embeddable":true,"href":"https:\/\/www.museuhistoricosl.com.br\/loja\/wp-json\/wp\/v2\/product_tag?post=39930"}],"curies":[{"name":"wp","href":"https:\/\/api.w.org\/{rel}","templated":true}]}}