{"id":39928,"date":"2022-01-17T15:16:40","date_gmt":"2022-01-17T18:16:40","guid":{"rendered":"https:\/\/www.museuhistoricosl.com.br\/loja\/produto\/sl002-fd-0500\/"},"modified":"2022-01-17T15:16:40","modified_gmt":"2022-01-17T18:16:40","slug":"sl002-fd-0500","status":"publish","type":"product","link":"https:\/\/www.museuhistoricosl.com.br\/loja\/produto\/sl002-fd-0500\/","title":{"rendered":"SL002-FD-0500"},"content":{"rendered":"<p>Associa\u00e7\u00e3o comercial e industrial de SL &#8211; Curso &#8220;Altera\u00e7\u00f5es introduzidas  na Legisla\u00e7\u00e3o do IPI&#8221; 20\/5 &#8211; foto 1 &#8211; ampliar 10% n\u00ba11606 &#8211; 30 abr 84 &#8211; Cat\u00e1logo anterior: FD 2,500; Ind\u00fastria e Com\u00e9rcio; <\/p>\n","protected":false},"excerpt":{"rendered":"<p>Associa\u00e7\u00e3o comercial e industrial de SL &#8211; Curso &#8220;Altera\u00e7\u00f5es introduzidas na Legisla\u00e7\u00e3o do IPI&#8221; 20\/5 &#8211; foto 1 &#8211; ampliar<\/p>\n","protected":false},"featured_media":39927,"comment_status":"open","ping_status":"closed","template":"","meta":{"_acf_changed":false},"product_cat":[97],"product_tag":[],"class_list":["post-39928","product","type-product","status-publish","has-post-thumbnail","hentry","product_cat-industria-e-comercio"],"acf":[],"_links":{"self":[{"href":"https:\/\/www.museuhistoricosl.com.br\/loja\/wp-json\/wp\/v2\/product\/39928","targetHints":{"allow":["GET"]}}],"collection":[{"href":"https:\/\/www.museuhistoricosl.com.br\/loja\/wp-json\/wp\/v2\/product"}],"about":[{"href":"https:\/\/www.museuhistoricosl.com.br\/loja\/wp-json\/wp\/v2\/types\/product"}],"replies":[{"embeddable":true,"href":"https:\/\/www.museuhistoricosl.com.br\/loja\/wp-json\/wp\/v2\/comments?post=39928"}],"wp:featuredmedia":[{"embeddable":true,"href":"https:\/\/www.museuhistoricosl.com.br\/loja\/wp-json\/wp\/v2\/media\/39927"}],"wp:attachment":[{"href":"https:\/\/www.museuhistoricosl.com.br\/loja\/wp-json\/wp\/v2\/media?parent=39928"}],"wp:term":[{"taxonomy":"product_cat","embeddable":true,"href":"https:\/\/www.museuhistoricosl.com.br\/loja\/wp-json\/wp\/v2\/product_cat?post=39928"},{"taxonomy":"product_tag","embeddable":true,"href":"https:\/\/www.museuhistoricosl.com.br\/loja\/wp-json\/wp\/v2\/product_tag?post=39928"}],"curies":[{"name":"wp","href":"https:\/\/api.w.org\/{rel}","templated":true}]}}