{"id":39914,"date":"2022-01-17T15:16:32","date_gmt":"2022-01-17T18:16:32","guid":{"rendered":"https:\/\/www.museuhistoricosl.com.br\/loja\/produto\/sl002-fd-0493\/"},"modified":"2022-01-17T15:16:32","modified_gmt":"2022-01-17T18:16:32","slug":"sl002-fd-0493","status":"publish","type":"product","link":"https:\/\/www.museuhistoricosl.com.br\/loja\/produto\/sl002-fd-0493\/","title":{"rendered":"SL002-FD-0493"},"content":{"rendered":"<p>Gilberto Toschi, Jos\u00e9 Auri Klein,  Claudino Dassoler,  Vasco Signore &#8211; 25.05.84 &#8211; entrega de pr\u00eamio Distin\u00e7\u00e3o Ind\u00fastria da Sogipa &#8211;  4\/5 foto 4 &#8211; 30% n\u00ba11735 &#8211; Cat\u00e1logo anterior: FD 2,493; Ind\u00fastria e Com\u00e9rcio; <\/p>\n","protected":false},"excerpt":{"rendered":"<p>Gilberto Toschi, Jos\u00e9 Auri Klein, Claudino Dassoler, Vasco Signore &#8211; 25.05.84 &#8211; entrega de pr\u00eamio Distin\u00e7\u00e3o Ind\u00fastria da Sogipa &#8211;<\/p>\n","protected":false},"featured_media":39913,"comment_status":"open","ping_status":"closed","template":"","meta":{"_acf_changed":false},"product_cat":[97],"product_tag":[],"class_list":["post-39914","product","type-product","status-publish","has-post-thumbnail","hentry","product_cat-industria-e-comercio"],"acf":[],"_links":{"self":[{"href":"https:\/\/www.museuhistoricosl.com.br\/loja\/wp-json\/wp\/v2\/product\/39914","targetHints":{"allow":["GET"]}}],"collection":[{"href":"https:\/\/www.museuhistoricosl.com.br\/loja\/wp-json\/wp\/v2\/product"}],"about":[{"href":"https:\/\/www.museuhistoricosl.com.br\/loja\/wp-json\/wp\/v2\/types\/product"}],"replies":[{"embeddable":true,"href":"https:\/\/www.museuhistoricosl.com.br\/loja\/wp-json\/wp\/v2\/comments?post=39914"}],"wp:featuredmedia":[{"embeddable":true,"href":"https:\/\/www.museuhistoricosl.com.br\/loja\/wp-json\/wp\/v2\/media\/39913"}],"wp:attachment":[{"href":"https:\/\/www.museuhistoricosl.com.br\/loja\/wp-json\/wp\/v2\/media?parent=39914"}],"wp:term":[{"taxonomy":"product_cat","embeddable":true,"href":"https:\/\/www.museuhistoricosl.com.br\/loja\/wp-json\/wp\/v2\/product_cat?post=39914"},{"taxonomy":"product_tag","embeddable":true,"href":"https:\/\/www.museuhistoricosl.com.br\/loja\/wp-json\/wp\/v2\/product_tag?post=39914"}],"curies":[{"name":"wp","href":"https:\/\/api.w.org\/{rel}","templated":true}]}}