{"id":39908,"date":"2022-01-17T15:16:29","date_gmt":"2022-01-17T18:16:29","guid":{"rendered":"https:\/\/www.museuhistoricosl.com.br\/loja\/produto\/sl002-fd-0490\/"},"modified":"2022-01-17T15:16:29","modified_gmt":"2022-01-17T18:16:29","slug":"sl002-fd-0490","status":"publish","type":"product","link":"https:\/\/www.museuhistoricosl.com.br\/loja\/produto\/sl002-fd-0490\/","title":{"rendered":"SL002-FD-0490"},"content":{"rendered":"<p>Mais Bela Com\u00e9rciaria de SL &#8211; M\u00e1rcia (Angelita) &#8211; Fernandes &#8211; 11\/5 &#8211; foto 1 natural &#8211; 1jun86 n\u00ba21544  &#8211; Cat\u00e1logo anterior: FD 2,490; Ind\u00fastria e Com\u00e9rcio; <\/p>\n","protected":false},"excerpt":{"rendered":"<p>Mais Bela Com\u00e9rciaria de SL &#8211; M\u00e1rcia (Angelita) &#8211; Fernandes &#8211; 11\/5 &#8211; foto 1 natural &#8211; 1jun86 n\u00ba21544 &#8211;<\/p>\n","protected":false},"featured_media":39907,"comment_status":"open","ping_status":"closed","template":"","meta":{"_acf_changed":false},"product_cat":[97],"product_tag":[],"class_list":["post-39908","product","type-product","status-publish","has-post-thumbnail","hentry","product_cat-industria-e-comercio"],"acf":[],"_links":{"self":[{"href":"https:\/\/www.museuhistoricosl.com.br\/loja\/wp-json\/wp\/v2\/product\/39908","targetHints":{"allow":["GET"]}}],"collection":[{"href":"https:\/\/www.museuhistoricosl.com.br\/loja\/wp-json\/wp\/v2\/product"}],"about":[{"href":"https:\/\/www.museuhistoricosl.com.br\/loja\/wp-json\/wp\/v2\/types\/product"}],"replies":[{"embeddable":true,"href":"https:\/\/www.museuhistoricosl.com.br\/loja\/wp-json\/wp\/v2\/comments?post=39908"}],"wp:featuredmedia":[{"embeddable":true,"href":"https:\/\/www.museuhistoricosl.com.br\/loja\/wp-json\/wp\/v2\/media\/39907"}],"wp:attachment":[{"href":"https:\/\/www.museuhistoricosl.com.br\/loja\/wp-json\/wp\/v2\/media?parent=39908"}],"wp:term":[{"taxonomy":"product_cat","embeddable":true,"href":"https:\/\/www.museuhistoricosl.com.br\/loja\/wp-json\/wp\/v2\/product_cat?post=39908"},{"taxonomy":"product_tag","embeddable":true,"href":"https:\/\/www.museuhistoricosl.com.br\/loja\/wp-json\/wp\/v2\/product_tag?post=39908"}],"curies":[{"name":"wp","href":"https:\/\/api.w.org\/{rel}","templated":true}]}}