{"id":39906,"date":"2022-01-17T15:16:28","date_gmt":"2022-01-17T18:16:28","guid":{"rendered":"https:\/\/www.museuhistoricosl.com.br\/loja\/produto\/sl002-fd-0489\/"},"modified":"2022-01-17T15:16:28","modified_gmt":"2022-01-17T18:16:28","slug":"sl002-fd-0489","status":"publish","type":"product","link":"https:\/\/www.museuhistoricosl.com.br\/loja\/produto\/sl002-fd-0489\/","title":{"rendered":"SL002-FD-0489"},"content":{"rendered":"<p>Associa\u00e7\u00e3o Comercial e Industrial de SL &#8211; &#8220;Trof\u00e9u L\u00cdder Empresarial de SL &#8211; vice prefeito Hardi Leichtweis entrega trof\u00e9u a Madelaine Hilbk &#8211; 4\/5 &#8211; foto 3  &#8211; ampliar 10%  n\u00ba14558 &#8211; 21 mar84 &#8211; Cat\u00e1logo anterior: FD 2,489; Ind\u00fastria e Com\u00e9rcio; <\/p>\n","protected":false},"excerpt":{"rendered":"<p>Associa\u00e7\u00e3o Comercial e Industrial de SL &#8211; &#8220;Trof\u00e9u L\u00cdder Empresarial de SL &#8211; vice prefeito Hardi Leichtweis entrega trof\u00e9u a<\/p>\n","protected":false},"featured_media":39905,"comment_status":"open","ping_status":"closed","template":"","meta":{"_acf_changed":false},"product_cat":[97],"product_tag":[],"class_list":["post-39906","product","type-product","status-publish","has-post-thumbnail","hentry","product_cat-industria-e-comercio"],"acf":[],"_links":{"self":[{"href":"https:\/\/www.museuhistoricosl.com.br\/loja\/wp-json\/wp\/v2\/product\/39906","targetHints":{"allow":["GET"]}}],"collection":[{"href":"https:\/\/www.museuhistoricosl.com.br\/loja\/wp-json\/wp\/v2\/product"}],"about":[{"href":"https:\/\/www.museuhistoricosl.com.br\/loja\/wp-json\/wp\/v2\/types\/product"}],"replies":[{"embeddable":true,"href":"https:\/\/www.museuhistoricosl.com.br\/loja\/wp-json\/wp\/v2\/comments?post=39906"}],"wp:featuredmedia":[{"embeddable":true,"href":"https:\/\/www.museuhistoricosl.com.br\/loja\/wp-json\/wp\/v2\/media\/39905"}],"wp:attachment":[{"href":"https:\/\/www.museuhistoricosl.com.br\/loja\/wp-json\/wp\/v2\/media?parent=39906"}],"wp:term":[{"taxonomy":"product_cat","embeddable":true,"href":"https:\/\/www.museuhistoricosl.com.br\/loja\/wp-json\/wp\/v2\/product_cat?post=39906"},{"taxonomy":"product_tag","embeddable":true,"href":"https:\/\/www.museuhistoricosl.com.br\/loja\/wp-json\/wp\/v2\/product_tag?post=39906"}],"curies":[{"name":"wp","href":"https:\/\/api.w.org\/{rel}","templated":true}]}}